{"id":1415,"date":"2026-01-22T11:17:22","date_gmt":"2026-01-22T11:17:22","guid":{"rendered":"https:\/\/theslotrize.org\/app-2\/"},"modified":"2026-01-22T13:31:53","modified_gmt":"2026-01-22T13:31:53","slug":"app","status":"publish","type":"page","link":"https:\/\/theslotrize.org\/de\/app\/","title":{"rendered":"App"},"content":{"rendered":"<h1>Slotrize-Anwendung<\/h1>\n<p>Die Slotrize-App erm\u00f6glicht Spielern den Zugriff auf Spiele \u00fcber Smartphones und Tablets. Sowohl Android- als auch iOS-Ger\u00e4te werden unterst\u00fctzt. Eine browserbasierte Version steht ebenfalls f\u00fcr diejenigen zur Verf\u00fcgung, die nichts installieren m\u00f6chten. Die Anmeldung mit demselben Konto auf mehreren Ger\u00e4ten h\u00e4lt Fortschritt und Erfolge synchronisiert.<\/p>\n<div class=\"banner-wrap\" aria-label=\"Banner\"><img src=\"https:\/\/theslotrize.org\/wp-content\/uploads\/2026\/01\/Desktop-banner-scaled.webp\" class=\"w-100 d-none d-lg-block img-pc main-banner-img\" alt=\"Slotrize Desktop banner\" fetchpriority=\"high\" decoding=\"async\"><img src=\"https:\/\/theslotrize.org\/wp-content\/uploads\/2026\/01\/Mobile-banner.webp\" class=\"w-100 d-none d-md-block d-lg-none main-banner-img\" alt=\"Slotrize Mobile banner\" fetchpriority=\"high\" decoding=\"async\"><img src=\"https:\/\/theslotrize.org\/wp-content\/uploads\/2026\/01\/Mobile-banner.webp\" class=\"w-100 d-md-none\" alt=\"Slotrize Mobile banner\" fetchpriority=\"high\" decoding=\"async\"><div class=\"banner-description\">\n<div class=\"banner-title\">Willkommensboni<\/div>\n<p class=\"banner-header-title\">1500 \u20ac<\/p>\n<div class=\"banner-header-AdditionalText\">+ 250 Freispiele<\/div>\n<button data-item=\"homepage_banner_link\" class=\"goto m-button m-gradient-border m-button--primary m-button--large banner-button btn-orange\">\n            <div class=\"m-button-content\">\n                <span>Jetzt anmelden<\/span>\n                <span><\/span>\n            <\/div>\n        <\/button>\n<\/div>\n<div class=\"WelcomePack\">\n<p><img loading=\"lazy\" decoding=\"async\" class=\"alignnone size-full wp-image-1338\" src=\"https:\/\/theslotrize.org\/wp-content\/uploads\/2026\/01\/welcome-crown.png\" alt=\"welcome crown\" width=\"25\" height=\"26\" \/><\/p>\n<div class=\"WelcomePack-Info\">W\u00f6chentlicher Cashback von bis zu 25 %<\/div>\n<p><img loading=\"lazy\" decoding=\"async\" class=\"alignnone size-full wp-image-1338\" src=\"https:\/\/theslotrize.org\/wp-content\/uploads\/2026\/01\/welcome-crown.png\" alt=\"welcome crown\" width=\"25\" height=\"26\" \/><\/p>\n<\/div>\n<\/div>\n<h2>Slotrize Mobile Gaming<\/h2>\n<p>Slotrize funktioniert nahtlos auf allen Ger\u00e4ten. Spieler k\u00f6nnen eine Sitzung am Desktop beginnen und auf dem Handy fortsetzen, ohne Fortschritte zu verlieren. Mobiles Spielen ist f\u00fcr viele zur bevorzugten Option geworden \u2013 rund 80% der Nutzer greifen \u00fcber ihr Handy oder Tablet auf die Plattform zu.<\/p>\n<p>Sie erhalten die gleiche Erfahrung, egal ob Sie die mobile Browserversion oder die App nutzen. Die vollst\u00e4ndige Spielebibliothek ist verf\u00fcgbar, zusammen mit allen Kernfunktionen: Registrierung, Anmeldung, Einzahlungen, Auszahlungen und Kontoverifizierung.<\/p>\n<p>Sollten bei der Nutzung der mobilen Version Probleme auftreten, kann der Support \u00fcber den in die App integrierten Live-Chat erreicht werden.<\/p>\n<p><div class=\"scrollable-content-wrap my-5\"><div class=\"scrollable-content-inner\"><h2>Slotrize-App f\u00fcr Android<\/h2>\n<p>Android-Nutzer k\u00f6nnen auf Slotrize \u00fcber einen mobilen Browser wie Google Chrome zugreifen. Die Website passt sich automatisch an verschiedene Bildschirmgr\u00f6\u00dfen an.<\/p>\n<p>Alternativ gibt es eine dedizierte App. Es handelt sich um eine progressive Web-App, sodass keine APK-Dateien aus externen Quellen heruntergeladen werden m\u00fcssen. Die App nutzt minimalen Speicherplatz, haupts\u00e4chlich f\u00fcr zwischengespeicherte Daten.<\/p>\n<p>Um die Slotrize-App auf Android zu installieren, befolgen Sie diese Schritte:<\/p>\n<table>\n<tbody>\n<tr>\n<td>Schritt<\/td>\n<td>Details<\/td>\n<\/tr>\n<tr>\n<td>1<\/td>\n<td>\u00d6ffnen Sie die Slotrize-Website in Ihrem mobilen Browser.<\/td>\n<\/tr>\n<tr>\n<td>2<\/td>\n<td>Scrollen Sie nach unten und tippen Sie auf \u201eCasino App&#8220; in der Fu\u00dfzeile.<\/td>\n<\/tr>\n<tr>\n<td>3<\/td>\n<td>Tippen Sie auf die Schaltfl\u00e4che \u201eInstallieren&#8220; in der Mitte des Bildschirms.<\/td>\n<\/tr>\n<tr>\n<td>4<\/td>\n<td>Nach Abschluss der Installation erscheint das App-Symbol auf Ihrem Startbildschirm.<\/td>\n<\/tr>\n<\/tbody>\n<\/table>\n<p><img loading=\"lazy\" decoding=\"async\" src=\"https:\/\/theslotrize.org\/wp-content\/uploads\/2026\/01\/Slotrize-Android.webp\" alt=\"Slotrize Android\" width=\"1248\" height=\"536\" \/><\/p>\n<\/div><\/div><div style=\"clear: both\"><\/div><div class=\"d-flex justify-content-center\"><button data-item=\"decouvrez_link\" data-group=\"website_links\" class=\"goto fw-bold rounded-pill btn btn-orange\" aria-label=\"Laden Sie die Slotrize-App herunter\" >Laden Sie die Slotrize-App herunter<\/button><\/div><div class=\"scrollable-content-wrap my-5\"><div class=\"scrollable-content-inner\"><h2>Mobile Anwendung f\u00fcr iOS<\/h2>\n<p>iPhone- und iPad-Nutzer k\u00f6nnen auf Slotrize \u00fcber den mobilen Browser zugreifen oder die App installieren. Da der App Store Einschr\u00e4nkungen f\u00fcr Gl\u00fccksspiel-Apps hat, erfolgt die Installation direkt \u00fcber die Website und nicht \u00fcber den Store.<\/p>\n<p>Eine weitere Option ist das Hinzuf\u00fcgen eines Verkn\u00fcpfungssymbols zum Startbildschirm f\u00fcr schnellen Zugriff. Die mobile Browserversion umfasst die vollst\u00e4ndige Spielebibliothek \u2013 \u00fcber 6.000 Titel in den Bereichen Slots, Tischspiele, Live-Casino und Crash-Games.<\/p>\n<p>Um das Verkn\u00fcpfungssymbol auf iOS hinzuzuf\u00fcgen, befolgen Sie diese Schritte:<\/p>\n<table>\n<tbody>\n<tr>\n<td>Schritt<\/td>\n<td>Details<\/td>\n<\/tr>\n<tr>\n<td>1<\/td>\n<td>\u00d6ffnen Sie die Slotrize-Website in Ihrem bevorzugten Browser.<\/td>\n<\/tr>\n<tr>\n<td>2<\/td>\n<td>Tippen Sie auf die Schaltfl\u00e4che \u201eTeilen&#8220; in der Adressleiste (Name variiert je nach Browser).<\/td>\n<\/tr>\n<tr>\n<td>3<\/td>\n<td>W\u00e4hlen Sie \u201eZum Home-Bildschirm&#8220; aus der Liste.<\/td>\n<\/tr>\n<tr>\n<td>4<\/td>\n<td>Passen Sie den Symbolnamen bei Bedarf an.<\/td>\n<\/tr>\n<tr>\n<td>5<\/td>\n<td>Tippen Sie auf \u201eHinzuf\u00fcgen&#8220;, um zu best\u00e4tigen und die Verkn\u00fcpfung zu erstellen.<\/td>\n<\/tr>\n<\/tbody>\n<\/table>\n<p><img loading=\"lazy\" decoding=\"async\" src=\"https:\/\/theslotrize.org\/wp-content\/uploads\/2026\/01\/Slotrize-iOS.webp\" alt=\"Slotrize iOS\" width=\"1248\" height=\"536\" \/><\/p>\n<\/div><\/div><div style=\"clear: both\"><\/div><div class=\"d-flex justify-content-center\"><button data-item=\"decouvrez_link\" data-group=\"website_links\" class=\"goto fw-bold rounded-pill btn btn-orange\" aria-label=\"Slotrize herunterladen\" >Slotrize herunterladen<\/button><\/div><div class=\"scrollable-content-wrap my-5\"><div class=\"scrollable-content-inner\"><h2>Slotrize Casino Desktop-App f\u00fcr Windows\/macOS<\/h2>\n<p>Slotrize funktioniert auch auf Desktop-Computern und Laptops. Das Spielen auf einem gr\u00f6\u00dferen Bildschirm kann das Gesamterlebnis verbessern. Fortschritt und Kontoeinstellungen bleiben ger\u00e4te\u00fcbergreifend synchronisiert, sodass der Wechsel zwischen Handy und Computer kein Problem darstellt.<\/p>\n<p>Bei einer stabilen Internetverbindung l\u00e4uft das Gameplay reibungslos und Seiten laden schnell. Es gibt zwei Hauptwege, Slotrize auf einem Desktop zu nutzen:<\/p>\n<ul>\n<li>Browserversion \u2013 Die Seite kann in jedem Browser ge\u00f6ffnet werden, wie Chrome oder Safari. Es sind keine Downloads oder Installationen erforderlich.<\/li>\n<li>Verkn\u00fcpfungssymbol \u2013 F\u00fcr schnelleren Zugriff kann eine Verkn\u00fcpfung zum Desktop hinzugef\u00fcgt werden. Dies \u00fcberspringt den Schritt, einen Browser zu \u00f6ffnen und manuell zur Seite zu navigieren. Die Verkn\u00fcpfung ben\u00f6tigt keinen Speicherplatz.<\/li>\n<\/ul>\n<p><img loading=\"lazy\" decoding=\"async\" src=\"https:\/\/theslotrize.org\/wp-content\/uploads\/2026\/01\/Slotrize-Desktop.webp\" alt=\"Slotrize Desktop\" width=\"1248\" height=\"536\" \/><\/p>\n<\/div><\/div><div style=\"clear: both\"><\/div><div class=\"d-flex justify-content-center\"><button data-item=\"decouvrez_link\" data-group=\"website_links\" class=\"goto fw-bold rounded-pill btn btn-orange\" aria-label=\"Laden Sie die Slotrize-App herunter\" >Laden Sie die Slotrize-App herunter<\/button><\/div><div class=\"scrollable-content-wrap my-5\"><div class=\"scrollable-content-inner\"><h2>FAQ<\/h2>\n<h3>Wie kontaktiere ich den Support in der App?<\/h3>\n<p>Die mobile App f\u00fcr Android und iOS enth\u00e4lt einen integrierten Live-Chat, um das Support-Team jederzeit zu erreichen. E-Mail steht ebenfalls f\u00fcr detailliertere Anfragen zur Verf\u00fcgung.<\/p>\n<h3>Ben\u00f6tige ich ein Konto, um die Slot Rize App zu nutzen?<\/h3>\n<p>Die Erstellung eines Kontos ist erforderlich, um auf alle Funktionen und Spiele zuzugreifen. Einige Titel k\u00f6nnen im Demo-Modus mit virtuellen M\u00fcnzen gespielt werden, wobei Gewinne aus dem Demo-Spiel nicht ausgezahlt werden k\u00f6nnen.<\/p>\n<h3>Sind alle Spiele in der App verf\u00fcgbar?<\/h3>\n<p>Ja, die vollst\u00e4ndige Bibliothek mit \u00fcber 6.000 Spielen ist \u00fcber die App zug\u00e4nglich. Dies umfasst Slots, Tischspiele, Live-Dealer-Optionen und Crash-Games. Alle Titel sind f\u00fcr moderne mobile Ger\u00e4te optimiert.<\/p>\n<h3>Wie kann ich die Slot Rize Casino App aktualisieren?<\/h3>\n<p>Die Slotrize-App ist eine progressive Webanwendung und aktualisiert sich daher automatisch. Es ist keine manuelle Aktion erforderlich.<\/p>\n<\/div><\/div><\/p>\n","protected":false},"excerpt":{"rendered":"<p>Slotrize-Anwendung Die Slotrize-App erm\u00f6glicht Spielern den Zugriff auf Spiele \u00fcber Smartphones und Tablets. Sowohl Android- als auch iOS-Ger\u00e4te werden unterst\u00fctzt. Eine browserbasierte Version steht ebenfalls f\u00fcr diejenigen zur Verf\u00fcgung, die nichts installieren m\u00f6chten. Die Anmeldung mit demselben Konto auf mehreren Ger\u00e4ten h\u00e4lt Fortschritt und Erfolge synchronisiert. Slotrize Mobile Gaming Slotrize funktioniert nahtlos auf allen Ger\u00e4ten. [&hellip;]<\/p>\n","protected":false},"author":9,"featured_media":0,"parent":0,"menu_order":0,"comment_status":"closed","ping_status":"closed","template":"template-builder.php","meta":{"_acf_changed":false,"inline_featured_image":false,"footnotes":""},"class_list":["post-1415","page","type-page","status-publish","hentry"],"acf":[],"yoast_head":"<!-- This site is optimized with the Yoast SEO plugin v24.4 - https:\/\/yoast.com\/wordpress\/plugins\/seo\/ -->\n<title>Slotrize App f\u00fcr mobile Betriebssysteme | Download \u2013 iOS, Android<\/title>\n<meta name=\"description\" content=\"Installieren Sie die Slotrize Slots App auf iOS, Android, Windows und macOS, um \u00fcber 6000 Casinospiele \u00fcberall zu spielen. Reibungslose Leistung, Kontosynchronisierung und Support rund um die Uhr \u2013 alles in Slotrize.\" \/>\n<meta name=\"robots\" content=\"index, follow, max-snippet:-1, max-image-preview:large, max-video-preview:-1\" \/>\n<link rel=\"canonical\" href=\"https:\/\/theslotrize.org\/de\/app\/\" \/>\n<meta property=\"og:locale\" content=\"de_DE\" \/>\n<meta property=\"og:type\" content=\"article\" \/>\n<meta property=\"og:title\" content=\"Slotrize App f\u00fcr mobile Betriebssysteme | Download \u2013 iOS, Android\" \/>\n<meta property=\"og:description\" content=\"Installieren Sie die Slotrize Slots App auf iOS, Android, Windows und macOS, um \u00fcber 6000 Casinospiele \u00fcberall zu spielen. Reibungslose Leistung, Kontosynchronisierung und Support rund um die Uhr \u2013 alles in Slotrize.\" \/>\n<meta property=\"og:url\" content=\"https:\/\/theslotrize.org\/de\/app\/\" \/>\n<meta property=\"og:site_name\" content=\"slotrize\" \/>\n<meta property=\"article:modified_time\" content=\"2026-01-22T13:31:53+00:00\" \/>\n<meta name=\"twitter:card\" content=\"summary_large_image\" \/>\n<meta name=\"twitter:label1\" content=\"Gesch\u00e4tzte Lesezeit\" \/>\n\t<meta name=\"twitter:data1\" content=\"1\u00a0Minute\" \/>\n<script type=\"application\/ld+json\" class=\"yoast-schema-graph\">{\"@context\":\"https:\/\/schema.org\",\"@graph\":[{\"@type\":\"WebPage\",\"@id\":\"https:\/\/theslotrize.org\/de\/app\/\",\"url\":\"https:\/\/theslotrize.org\/de\/app\/\",\"name\":\"Slotrize App f\u00fcr mobile Betriebssysteme | Download \u2013 iOS, Android\",\"isPartOf\":{\"@id\":\"https:\/\/theslotrize.org\/de\/#website\"},\"datePublished\":\"2026-01-22T11:17:22+00:00\",\"dateModified\":\"2026-01-22T13:31:53+00:00\",\"description\":\"Installieren Sie die Slotrize Slots App auf iOS, Android, Windows und macOS, um \u00fcber 6000 Casinospiele \u00fcberall zu spielen. Reibungslose Leistung, Kontosynchronisierung und Support rund um die Uhr \u2013 alles in Slotrize.\",\"breadcrumb\":{\"@id\":\"https:\/\/theslotrize.org\/de\/app\/#breadcrumb\"},\"inLanguage\":\"de\",\"potentialAction\":[{\"@type\":\"ReadAction\",\"target\":[\"https:\/\/theslotrize.org\/de\/app\/\"]}]},{\"@type\":\"BreadcrumbList\",\"@id\":\"https:\/\/theslotrize.org\/de\/app\/#breadcrumb\",\"itemListElement\":[{\"@type\":\"ListItem\",\"position\":1,\"name\":\"Slotrize\",\"item\":\"https:\/\/theslotrize.org\/de\/\"},{\"@type\":\"ListItem\",\"position\":2,\"name\":\"App\"}]},{\"@type\":\"WebSite\",\"@id\":\"https:\/\/theslotrize.org\/de\/#website\",\"url\":\"https:\/\/theslotrize.org\/de\/\",\"name\":\"Slotrize\",\"description\":\"\",\"publisher\":{\"@id\":\"https:\/\/theslotrize.org\/de\/#organization\"},\"potentialAction\":[{\"@type\":\"SearchAction\",\"target\":{\"@type\":\"EntryPoint\",\"urlTemplate\":\"https:\/\/theslotrize.org\/de\/?s={search_term_string}\"},\"query-input\":{\"@type\":\"PropertyValueSpecification\",\"valueRequired\":true,\"valueName\":\"search_term_string\"}}],\"inLanguage\":\"de\"},{\"@type\":\"Organization\",\"@id\":\"https:\/\/theslotrize.org\/de\/#organization\",\"name\":\"Slotrize\",\"url\":\"https:\/\/theslotrize.org\/de\/\",\"logo\":{\"@type\":\"ImageObject\",\"inLanguage\":\"de\",\"@id\":\"https:\/\/theslotrize.org\/de\/#\/schema\/logo\/image\/\",\"url\":\"https:\/\/theslotrize.org\/wp-content\/uploads\/2026\/01\/Slotrize-logo.png\",\"contentUrl\":\"https:\/\/theslotrize.org\/wp-content\/uploads\/2026\/01\/Slotrize-logo.png\",\"width\":54,\"height\":27,\"caption\":\"Slotrize\"},\"image\":{\"@id\":\"https:\/\/theslotrize.org\/de\/#\/schema\/logo\/image\/\"}}]}<\/script>\n<!-- \/ Yoast SEO plugin. -->","yoast_head_json":{"title":"Slotrize App f\u00fcr mobile Betriebssysteme | Download \u2013 iOS, Android","description":"Installieren Sie die Slotrize Slots App auf iOS, Android, Windows und macOS, um \u00fcber 6000 Casinospiele \u00fcberall zu spielen. Reibungslose Leistung, Kontosynchronisierung und Support rund um die Uhr \u2013 alles in Slotrize.","robots":{"index":"index","follow":"follow","max-snippet":"max-snippet:-1","max-image-preview":"max-image-preview:large","max-video-preview":"max-video-preview:-1"},"canonical":"https:\/\/theslotrize.org\/de\/app\/","og_locale":"de_DE","og_type":"article","og_title":"Slotrize App f\u00fcr mobile Betriebssysteme | Download \u2013 iOS, Android","og_description":"Installieren Sie die Slotrize Slots App auf iOS, Android, Windows und macOS, um \u00fcber 6000 Casinospiele \u00fcberall zu spielen. Reibungslose Leistung, Kontosynchronisierung und Support rund um die Uhr \u2013 alles in Slotrize.","og_url":"https:\/\/theslotrize.org\/de\/app\/","og_site_name":"slotrize","article_modified_time":"2026-01-22T13:31:53+00:00","twitter_card":"summary_large_image","twitter_misc":{"Gesch\u00e4tzte Lesezeit":"1\u00a0Minute"},"schema":{"@context":"https:\/\/schema.org","@graph":[{"@type":"WebPage","@id":"https:\/\/theslotrize.org\/de\/app\/","url":"https:\/\/theslotrize.org\/de\/app\/","name":"Slotrize App f\u00fcr mobile Betriebssysteme | Download \u2013 iOS, Android","isPartOf":{"@id":"https:\/\/theslotrize.org\/de\/#website"},"datePublished":"2026-01-22T11:17:22+00:00","dateModified":"2026-01-22T13:31:53+00:00","description":"Installieren Sie die Slotrize Slots App auf iOS, Android, Windows und macOS, um \u00fcber 6000 Casinospiele \u00fcberall zu spielen. Reibungslose Leistung, Kontosynchronisierung und Support rund um die Uhr \u2013 alles in Slotrize.","breadcrumb":{"@id":"https:\/\/theslotrize.org\/de\/app\/#breadcrumb"},"inLanguage":"de","potentialAction":[{"@type":"ReadAction","target":["https:\/\/theslotrize.org\/de\/app\/"]}]},{"@type":"BreadcrumbList","@id":"https:\/\/theslotrize.org\/de\/app\/#breadcrumb","itemListElement":[{"@type":"ListItem","position":1,"name":"Slotrize","item":"https:\/\/theslotrize.org\/de\/"},{"@type":"ListItem","position":2,"name":"App"}]},{"@type":"WebSite","@id":"https:\/\/theslotrize.org\/de\/#website","url":"https:\/\/theslotrize.org\/de\/","name":"Slotrize","description":"","publisher":{"@id":"https:\/\/theslotrize.org\/de\/#organization"},"potentialAction":[{"@type":"SearchAction","target":{"@type":"EntryPoint","urlTemplate":"https:\/\/theslotrize.org\/de\/?s={search_term_string}"},"query-input":{"@type":"PropertyValueSpecification","valueRequired":true,"valueName":"search_term_string"}}],"inLanguage":"de"},{"@type":"Organization","@id":"https:\/\/theslotrize.org\/de\/#organization","name":"Slotrize","url":"https:\/\/theslotrize.org\/de\/","logo":{"@type":"ImageObject","inLanguage":"de","@id":"https:\/\/theslotrize.org\/de\/#\/schema\/logo\/image\/","url":"https:\/\/theslotrize.org\/wp-content\/uploads\/2026\/01\/Slotrize-logo.png","contentUrl":"https:\/\/theslotrize.org\/wp-content\/uploads\/2026\/01\/Slotrize-logo.png","width":54,"height":27,"caption":"Slotrize"},"image":{"@id":"https:\/\/theslotrize.org\/de\/#\/schema\/logo\/image\/"}}]}},"_links":{"self":[{"href":"https:\/\/theslotrize.org\/de\/wp-json\/wp\/v2\/pages\/1415"}],"collection":[{"href":"https:\/\/theslotrize.org\/de\/wp-json\/wp\/v2\/pages"}],"about":[{"href":"https:\/\/theslotrize.org\/de\/wp-json\/wp\/v2\/types\/page"}],"author":[{"embeddable":true,"href":"https:\/\/theslotrize.org\/de\/wp-json\/wp\/v2\/users\/9"}],"replies":[{"embeddable":true,"href":"https:\/\/theslotrize.org\/de\/wp-json\/wp\/v2\/comments?post=1415"}],"version-history":[{"count":2,"href":"https:\/\/theslotrize.org\/de\/wp-json\/wp\/v2\/pages\/1415\/revisions"}],"predecessor-version":[{"id":1605,"href":"https:\/\/theslotrize.org\/de\/wp-json\/wp\/v2\/pages\/1415\/revisions\/1605"}],"wp:attachment":[{"href":"https:\/\/theslotrize.org\/de\/wp-json\/wp\/v2\/media?parent=1415"}],"curies":[{"name":"wp","href":"https:\/\/api.w.org\/{rel}","templated":true}]}}