{"id":1427,"date":"2026-01-22T11:41:03","date_gmt":"2026-01-22T11:41:03","guid":{"rendered":"https:\/\/theslotrize.org\/bonus\/"},"modified":"2026-01-22T13:36:16","modified_gmt":"2026-01-22T13:36:16","slug":"aktionen","status":"publish","type":"page","link":"https:\/\/theslotrize.org\/de\/aktionen\/","title":{"rendered":"Aktionen"},"content":{"rendered":"<h1>Slotrize Bonusangebote<\/h1>\n<p>Das Slotrize-Bonussystem bietet allen Spielern mehrere M\u00f6glichkeiten, ihre Gewinnchancen zu erh\u00f6hen. Erstbenutzer, die eine Einzahlung t\u00e4tigen, k\u00f6nnen ein Willkommenspaket im Wert von bis zu 1.500 \u20ac zusammen mit 250 Freispielen erhalten. Es werden keine Bonuscodes ben\u00f6tigt \u2013 das Angebot wird automatisch angewendet. Stammspielern stehen ebenfalls fortlaufende Aktionen und Belohnungen zur Verf\u00fcgung, w\u00e4hrend sie die Plattform weiterhin nutzen.<\/p>\n<p><div class=\"banner-wrap\" aria-label=\"Banner\"><img src=\"https:\/\/theslotrize.org\/wp-content\/uploads\/2026\/01\/Desktop-banner-scaled.webp\" class=\"w-100 d-none d-lg-block img-pc main-banner-img\" alt=\"Slotrize Desktop banner\" fetchpriority=\"high\" decoding=\"async\"><img src=\"https:\/\/theslotrize.org\/wp-content\/uploads\/2026\/01\/Mobile-banner.webp\" class=\"w-100 d-none d-md-block d-lg-none main-banner-img\" alt=\"Slotrize Mobile banner\" fetchpriority=\"high\" decoding=\"async\"><img src=\"https:\/\/theslotrize.org\/wp-content\/uploads\/2026\/01\/Mobile-banner.webp\" class=\"w-100 d-md-none\" alt=\"Slotrize Mobile banner\" fetchpriority=\"high\" decoding=\"async\"><div class=\"banner-description\">\n<div class=\"banner-title\">Willkommensboni<\/div>\n<p class=\"banner-header-title\">1500 \u20ac<\/p>\n<div class=\"banner-header-AdditionalText\">+ 250 Freispiele<\/div>\n<button data-item=\"homepage_banner_link\" class=\"goto m-button m-gradient-border m-button--primary m-button--large banner-button btn-orange\">\n            <div class=\"m-button-content\">\n                <span>Jetzt anmelden<\/span>\n                <span><\/span>\n            <\/div>\n        <\/button>\n<\/div>\n<div class=\"WelcomePack\">\n<p><img loading=\"lazy\" decoding=\"async\" class=\"alignnone size-full wp-image-1338\" src=\"https:\/\/theslotrize.org\/wp-content\/uploads\/2026\/01\/welcome-crown.png\" alt=\"welcome crown\" width=\"25\" height=\"26\" \/><\/p>\n<div class=\"WelcomePack-Info\">W\u00f6chentlicher Cashback von bis zu 25 %<\/div>\n<p><img loading=\"lazy\" decoding=\"async\" class=\"alignnone size-full wp-image-1338\" src=\"https:\/\/theslotrize.org\/wp-content\/uploads\/2026\/01\/welcome-crown.png\" alt=\"welcome crown\" width=\"25\" height=\"26\" \/><\/p>\n<\/div>\n<\/div><div class=\"promotions-wrap\"><div class=\"promotion-card\" style=\"background-image: url(https:\/\/theslotrize.org\/wp-content\/uploads\/2026\/01\/First-deposit.webp);\"><h2 class=\"promotion-card__title\">Ersteinzahlungsbonus<\/h2><label class=\"promotion-card__offer\">100 % bis zu 500 \u20ac + 150 Freispiele<\/label><label class=\"promotion-card__description\"><\/label><div class=\"promotion-card__actions\"><button data-item=\"payments_link\" data-group=\"website_links\" class=\"goto btn btn-orange rounded-pill fw-bold px-4 m-button m-gradient-border m-button--primary m-button--large promotion-button promotion-card__action-btn\" aria-label=\"Anmelden\"><div class=\"m-button-content\"><span class=\"promotion-button__content\">Anmelden<\/span><\/div><\/button><button data-item=\"http:\/\/bonus_link\" data-group=\"website_links\" class=\"goto m-button m-gradient-border m-button--secondary m-button--medium promotion-card__info-btn\" aria-label=\"More information\"><div class=\"m-button-content\"><svg viewBox=\"0 0 24 24\" fill=\"none\" xmlns=\"http:\/\/www.w3.org\/2000\/svg\" class=\"m-icon m-icon-loadable\" name=\"Attention\" loading=\"false\" aria-hidden=\"true\"><path d=\"M12 22C6.477 22 2 17.522 2 12S6.477 2 12 2s10 4.478 10 10-4.477 10-10 10m-.002-13.004a.999.999 0 1 0 0-1.997.999.999 0 0 0 0 1.997M12 17a1 1 0 0 0 .993-.884L13 16l-.002-5.001-.007-.117a1 1 0 0 0-1.986 0l-.007.117L11 16l.007.117A1 1 0 0 0 12 17\" fill=\"currentColor\"><\/path><\/svg><\/div><\/button><\/div><\/div><div class=\"promotion-card\" style=\"background-image: url(https:\/\/theslotrize.org\/wp-content\/uploads\/2026\/01\/Second-deposit.webp);\"><h2 class=\"promotion-card__title\">Zweiter Einzahlungsbonus<\/h2><label class=\"promotion-card__offer\">55 % bis zu 500 \u20ac + 100 Freispiele<\/label><label class=\"promotion-card__description\"><\/label><div class=\"promotion-card__actions\"><button data-item=\"payments_link\" data-group=\"website_links\" class=\"goto btn btn-orange rounded-pill fw-bold px-4 m-button m-gradient-border m-button--primary m-button--large promotion-button promotion-card__action-btn\" aria-label=\"Anmelden\"><div class=\"m-button-content\"><span class=\"promotion-button__content\">Anmelden<\/span><\/div><\/button><button data-item=\"http:\/\/bonus_link\" data-group=\"website_links\" class=\"goto m-button m-gradient-border m-button--secondary m-button--medium promotion-card__info-btn\" aria-label=\"More information\"><div class=\"m-button-content\"><svg viewBox=\"0 0 24 24\" fill=\"none\" xmlns=\"http:\/\/www.w3.org\/2000\/svg\" class=\"m-icon m-icon-loadable\" name=\"Attention\" loading=\"false\" aria-hidden=\"true\"><path d=\"M12 22C6.477 22 2 17.522 2 12S6.477 2 12 2s10 4.478 10 10-4.477 10-10 10m-.002-13.004a.999.999 0 1 0 0-1.997.999.999 0 0 0 0 1.997M12 17a1 1 0 0 0 .993-.884L13 16l-.002-5.001-.007-.117a1 1 0 0 0-1.986 0l-.007.117L11 16l.007.117A1 1 0 0 0 12 17\" fill=\"currentColor\"><\/path><\/svg><\/div><\/button><\/div><\/div><div class=\"promotion-card\" style=\"background-image: url(https:\/\/theslotrize.org\/wp-content\/uploads\/2026\/01\/Third-deposit.webp);\"><h2 class=\"promotion-card__title\">Dritter Einzahlungsbonus<\/h2><label class=\"promotion-card__offer\">100 % bis zu 500 \u20ac<\/label><label class=\"promotion-card__description\"><\/label><div class=\"promotion-card__actions\"><button data-item=\"payments_link\" data-group=\"website_links\" class=\"goto btn btn-orange rounded-pill fw-bold px-4 m-button m-gradient-border m-button--primary m-button--large promotion-button promotion-card__action-btn\" aria-label=\"Anmelden\"><div class=\"m-button-content\"><span class=\"promotion-button__content\">Anmelden<\/span><\/div><\/button><button data-item=\"http:\/\/bonus_link\" data-group=\"website_links\" class=\"goto m-button m-gradient-border m-button--secondary m-button--medium promotion-card__info-btn\" aria-label=\"More information\"><div class=\"m-button-content\"><svg viewBox=\"0 0 24 24\" fill=\"none\" xmlns=\"http:\/\/www.w3.org\/2000\/svg\" class=\"m-icon m-icon-loadable\" name=\"Attention\" loading=\"false\" aria-hidden=\"true\"><path d=\"M12 22C6.477 22 2 17.522 2 12S6.477 2 12 2s10 4.478 10 10-4.477 10-10 10m-.002-13.004a.999.999 0 1 0 0-1.997.999.999 0 0 0 0 1.997M12 17a1 1 0 0 0 .993-.884L13 16l-.002-5.001-.007-.117a1 1 0 0 0-1.986 0l-.007.117L11 16l.007.117A1 1 0 0 0 12 17\" fill=\"currentColor\"><\/path><\/svg><\/div><\/button><\/div><\/div><div class=\"promotion-card\" style=\"background-image: url(https:\/\/theslotrize.org\/wp-content\/uploads\/2026\/01\/Cashback.webp);\"><h2 class=\"promotion-card__title\">W\u00f6chentlicher Cashback<\/h2><label class=\"promotion-card__offer\">bis zu 25 %<\/label><label class=\"promotion-card__description\"><\/label><div class=\"promotion-card__actions\"><button data-item=\"payments_link\" data-group=\"website_links\" class=\"goto btn btn-orange rounded-pill fw-bold px-4 m-button m-gradient-border m-button--primary m-button--large promotion-button promotion-card__action-btn\" aria-label=\"Anmelden\"><div class=\"m-button-content\"><span class=\"promotion-button__content\">Anmelden<\/span><\/div><\/button><button data-item=\"http:\/\/bonus_link\" data-group=\"website_links\" class=\"goto m-button m-gradient-border m-button--secondary m-button--medium promotion-card__info-btn\" aria-label=\"More information\"><div class=\"m-button-content\"><svg viewBox=\"0 0 24 24\" fill=\"none\" xmlns=\"http:\/\/www.w3.org\/2000\/svg\" class=\"m-icon m-icon-loadable\" name=\"Attention\" loading=\"false\" aria-hidden=\"true\"><path d=\"M12 22C6.477 22 2 17.522 2 12S6.477 2 12 2s10 4.478 10 10-4.477 10-10 10m-.002-13.004a.999.999 0 1 0 0-1.997.999.999 0 0 0 0 1.997M12 17a1 1 0 0 0 .993-.884L13 16l-.002-5.001-.007-.117a1 1 0 0 0-1.986 0l-.007.117L11 16l.007.117A1 1 0 0 0 12 17\" fill=\"currentColor\"><\/path><\/svg><\/div><\/button><\/div><\/div><div class=\"promotion-card\" style=\"background-image: url(https:\/\/theslotrize.org\/wp-content\/uploads\/2026\/01\/Sunday-reload.webp);\"><h2 class=\"promotion-card__title\">Sonntag-Reload<\/h2><label class=\"promotion-card__offer\">25 % bis zu 100 \u20ac<\/label><label class=\"promotion-card__description\"><\/label><div class=\"promotion-card__actions\"><button data-item=\"payments_link\" data-group=\"website_links\" class=\"goto btn btn-orange rounded-pill fw-bold px-4 m-button m-gradient-border m-button--primary m-button--large promotion-button promotion-card__action-btn\" aria-label=\"Anmelden\"><div class=\"m-button-content\"><span class=\"promotion-button__content\">Anmelden<\/span><\/div><\/button><button data-item=\"http:\/\/bonus_link\" data-group=\"website_links\" class=\"goto m-button m-gradient-border m-button--secondary m-button--medium promotion-card__info-btn\" aria-label=\"More information\"><div class=\"m-button-content\"><svg viewBox=\"0 0 24 24\" fill=\"none\" xmlns=\"http:\/\/www.w3.org\/2000\/svg\" class=\"m-icon m-icon-loadable\" name=\"Attention\" loading=\"false\" aria-hidden=\"true\"><path d=\"M12 22C6.477 22 2 17.522 2 12S6.477 2 12 2s10 4.478 10 10-4.477 10-10 10m-.002-13.004a.999.999 0 1 0 0-1.997.999.999 0 0 0 0 1.997M12 17a1 1 0 0 0 .993-.884L13 16l-.002-5.001-.007-.117a1 1 0 0 0-1.986 0l-.007.117L11 16l.007.117A1 1 0 0 0 12 17\" fill=\"currentColor\"><\/path><\/svg><\/div><\/button><\/div><\/div><div class=\"promotion-card\" style=\"background-image: url(https:\/\/theslotrize.org\/wp-content\/uploads\/2026\/01\/Rakeback.webp);\"><h2 class=\"promotion-card__title\">Rakeback<\/h2><label class=\"promotion-card__offer\">bis zu 17 %<\/label><label class=\"promotion-card__description\"><\/label><div class=\"promotion-card__actions\"><button data-item=\"payments_link\" data-group=\"website_links\" class=\"goto btn btn-orange rounded-pill fw-bold px-4 m-button m-gradient-border m-button--primary m-button--large promotion-button promotion-card__action-btn\" aria-label=\"Anmelden\"><div class=\"m-button-content\"><span class=\"promotion-button__content\">Anmelden<\/span><\/div><\/button><button data-item=\"http:\/\/bonus_link\" data-group=\"website_links\" class=\"goto m-button m-gradient-border m-button--secondary m-button--medium promotion-card__info-btn\" aria-label=\"More information\"><div class=\"m-button-content\"><svg viewBox=\"0 0 24 24\" fill=\"none\" xmlns=\"http:\/\/www.w3.org\/2000\/svg\" class=\"m-icon m-icon-loadable\" name=\"Attention\" loading=\"false\" aria-hidden=\"true\"><path d=\"M12 22C6.477 22 2 17.522 2 12S6.477 2 12 2s10 4.478 10 10-4.477 10-10 10m-.002-13.004a.999.999 0 1 0 0-1.997.999.999 0 0 0 0 1.997M12 17a1 1 0 0 0 .993-.884L13 16l-.002-5.001-.007-.117a1 1 0 0 0-1.986 0l-.007.117L11 16l.007.117A1 1 0 0 0 12 17\" fill=\"currentColor\"><\/path><\/svg><\/div><\/button><\/div><\/div><div class=\"promotion-card\" style=\"background-image: url(https:\/\/theslotrize.org\/wp-content\/uploads\/2026\/01\/Highroller.webp);\"><h2 class=\"promotion-card__title\">Highroller-Bonus<\/h2><label class=\"promotion-card__offer\">50 % bis zu 500 \u20ac<\/label><label class=\"promotion-card__description\"><\/label><div class=\"promotion-card__actions\"><button data-item=\"payments_link\" data-group=\"website_links\" class=\"goto btn btn-orange rounded-pill fw-bold px-4 m-button m-gradient-border m-button--primary m-button--large promotion-button promotion-card__action-btn\" aria-label=\"Anmelden\"><div class=\"m-button-content\"><span class=\"promotion-button__content\">Anmelden<\/span><\/div><\/button><button data-item=\"http:\/\/bonus_link\" data-group=\"website_links\" class=\"goto m-button m-gradient-border m-button--secondary m-button--medium promotion-card__info-btn\" aria-label=\"More information\"><div class=\"m-button-content\"><svg viewBox=\"0 0 24 24\" fill=\"none\" xmlns=\"http:\/\/www.w3.org\/2000\/svg\" class=\"m-icon m-icon-loadable\" name=\"Attention\" loading=\"false\" aria-hidden=\"true\"><path d=\"M12 22C6.477 22 2 17.522 2 12S6.477 2 12 2s10 4.478 10 10-4.477 10-10 10m-.002-13.004a.999.999 0 1 0 0-1.997.999.999 0 0 0 0 1.997M12 17a1 1 0 0 0 .993-.884L13 16l-.002-5.001-.007-.117a1 1 0 0 0-1.986 0l-.007.117L11 16l.007.117A1 1 0 0 0 12 17\" fill=\"currentColor\"><\/path><\/svg><\/div><\/button><\/div><\/div><\/div><div class=\"scrollable-content-wrap my-5\"><div class=\"scrollable-content-inner\"><h2>Slotrize Aktionen &amp; Bonustypen<\/h2>\n<p>Slotrize bietet eine Vielzahl von Aktionen, die f\u00fcr verschiedene Spielerstufen und Budgets geeignet sind. Belohnungen umfassen Freispiele, Bonusguthaben und Verlustr\u00fcckerstattungen.<\/p>\n<p>Wiederkehrenden Spielern stehen mehrere fortlaufende Angebote zur Verf\u00fcgung, von Cashback bis zu Vorteilen f\u00fcr Vielspieler.<\/p>\n<table>\n<tbody>\n<tr>\n<td>Bonustyp<\/td>\n<td>Belohnung<\/td>\n<td>Details<\/td>\n<\/tr>\n<tr>\n<td>Cashback<\/td>\n<td>bis zu 25%<\/td>\n<td>Ein Prozentsatz der w\u00f6chentlichen Verluste wird ohne komplizierte Bedingungen zur\u00fcckerstattet.<\/td>\n<\/tr>\n<tr>\n<td>Rakeback<\/td>\n<td>bis zu 17%<\/td>\n<td>Verf\u00fcgbar bei ausgew\u00e4hlten Spielen. Kann t\u00e4glich, w\u00f6chentlich oder monatlich sein, abh\u00e4ngig von der Spielerstufe.<\/td>\n<\/tr>\n<tr>\n<td>Highroller-Angebot<\/td>\n<td>50% bis zu 500 \u20ac<\/td>\n<td>Entwickelt f\u00fcr Spieler, die h\u00f6here Eins\u00e4tze und gr\u00f6\u00dfere Limits bevorzugen.<\/td>\n<\/tr>\n<tr>\n<td>Sonntags-Reload<\/td>\n<td>25% bis zu 100 \u20ac<\/td>\n<td>Ein w\u00f6chentlicher Bonus, um einen Teil der Verluste der vorigen Woche auszugleichen.<\/td>\n<\/tr>\n<\/tbody>\n<\/table>\n<h2>Willkommensbonus Slotrize Casino<\/h2>\n<p>Neue Benutzer, die sich registrieren und mindestens 20 \u20ac einzahlen, sind f\u00fcr ein Willkommenspaket im Wert von bis zu 1.500 \u20ac plus 250 Freispiele berechtigt. Der Bonus ist auf die ersten drei Einzahlungen aufgeteilt, und es wird kein Promo-Code ben\u00f6tigt.<\/p>\n<p>Die erste Einzahlung wird zu 100% bis zu 500 \u20ac verdoppelt und beinhaltet 150 Freispiele. Die zweite Einzahlung bietet eine 55%-ige Verdopplung bis zu 500 \u20ac zusammen mit 100 Freispielen, die in Chargen von 50 pro Tag vergeben werden. Die dritte Einzahlung f\u00fcgt bis zu 500 \u20ac mehr hinzu.<\/p>\n<p>Nach der Aktivierung bleibt der Willkommensbonus 7 Tage lang g\u00fcltig. Um Bonusgewinne auszuzahlen, muss der Bonusbetrag 35-mal umgesetzt werden.<\/p>\n<h2>Slotrize Turniere<\/h2>\n<p>Slotrize veranstaltet regelm\u00e4\u00dfig Turniere, die sich an Spieler richten, die Wettbewerb genie\u00dfen. Die Teilnehmer sammeln Punkte, indem sie berechtigte Spiele spielen, wobei die besten Spieler auf der Bestenliste erscheinen. Die meisten Turniere basieren auf Slots oder Live-Casino-Spielen.<\/p>\n<p>Aktuelle Turniere umfassen:<\/p>\n<ul>\n<li>Spinoleague \u2013 12.000.000 \u20ac<\/li>\n<li>Drops &amp; Wins \u2013 25.000.000 \u20ac<\/li>\n<li>BGaming Drops Frenzy \u2013 660.000 \u20ac+<\/li>\n<li>Live-Turnier \u2013 10.000 \u20ac<\/li>\n<\/ul>\n<p>Besuchen Sie die Aktionsseite f\u00fcr Updates zu Teilnahmevoraussetzungen und qualifizierenden Spielen.<\/p>\n<h2>Slotrize Bonusbedingungen<\/h2>\n<p>Jeder Slotrize-Bonus kommt mit spezifischen Bedingungen. Es lohnt sich, diese vor der Inanspruchnahme eines Angebots zu \u00fcberpr\u00fcfen. Aktionen sind typischerweise 7 bis 14 Tage g\u00fcltig. Wenn die Bedingungen innerhalb dieses Zeitfensters nicht erf\u00fcllt werden, wird der Bonus storniert.<\/p>\n<p>H\u00e4ufige Anforderungen umfassen Umsatzschwellen, maximale Einsatzlimits und Spielbeitragsregeln. Eine Mindesteinzahlung ist ebenfalls erforderlich, um die meisten Angebote zu aktivieren, und der Betrag kann je nach Aktion variieren.<\/p>\n<h2>FAQ<\/h2>\n<h3>Wie erhalte ich das Willkommenspaket bei Slot Rize Casino?<\/h3>\n<p>Das Willkommenspaket wird automatisch nach der Kontoerstellung und der ersten Einzahlung angewendet. Es wird kein Promo-Code ben\u00f6tigt.<\/p>\n<h3>Was soll ich tun, wenn mein Bonus nach der Einzahlung nicht erscheint?<\/h3>\n<p>\u00dcberpr\u00fcfen Sie zun\u00e4chst, ob alle Bonusanforderungen erf\u00fcllt wurden. Wenn alles korrekt aussieht und der Bonus immer noch nicht erschienen ist, kontaktieren Sie das Support-Team \u00fcber den Live-Chat oder per E-Mail f\u00fcr Unterst\u00fctzung.<\/p>\n<h3>Gibt es Einschr\u00e4nkungen bei der Verwendung von Boni f\u00fcr alle Spiele bei Slot Rize?<\/h3>\n<p>Jede Aktion hat ihre eigenen Bedingungen, einschlie\u00dflich Spielbeitragsregeln. Beispielsweise tragen Slots typischerweise zu 100% zu den Umsatzanforderungen bei, w\u00e4hrend Tischspiele weniger oder gar nicht beitragen k\u00f6nnen.<\/p>\n<\/div><\/div><\/p>\n","protected":false},"excerpt":{"rendered":"<p>Slotrize Bonusangebote Das Slotrize-Bonussystem bietet allen Spielern mehrere M\u00f6glichkeiten, ihre Gewinnchancen zu erh\u00f6hen. Erstbenutzer, die eine Einzahlung t\u00e4tigen, k\u00f6nnen ein Willkommenspaket im Wert von bis zu 1.500 \u20ac zusammen mit 250 Freispielen erhalten. Es werden keine Bonuscodes ben\u00f6tigt \u2013 das Angebot wird automatisch angewendet. Stammspielern stehen ebenfalls fortlaufende Aktionen und Belohnungen zur Verf\u00fcgung, w\u00e4hrend sie [&hellip;]<\/p>\n","protected":false},"author":9,"featured_media":0,"parent":0,"menu_order":0,"comment_status":"closed","ping_status":"closed","template":"template-builder.php","meta":{"_acf_changed":false,"inline_featured_image":false,"footnotes":""},"class_list":["post-1427","page","type-page","status-publish","hentry"],"acf":[],"yoast_head":"<!-- This site is optimized with the Yoast SEO plugin v24.4 - https:\/\/yoast.com\/wordpress\/plugins\/seo\/ -->\n<title>Slotrize Bonus \u2013 Exklusive Werbeangebote<\/title>\n<meta name=\"description\" content=\"Entdecken Sie die Bonusm\u00f6glichkeiten im Slotrize Casino, darunter Willkommensboni, Einzahlungsboni, laufende Aktionen und spannende Turniere. Hier finden Sie alle Bonusbedingungen und Anweisungen zum Einl\u00f6sen.\" \/>\n<meta name=\"robots\" content=\"index, follow, max-snippet:-1, max-image-preview:large, max-video-preview:-1\" \/>\n<link rel=\"canonical\" href=\"https:\/\/theslotrize.org\/de\/aktionen\/\" \/>\n<meta property=\"og:locale\" content=\"de_DE\" \/>\n<meta property=\"og:type\" content=\"article\" \/>\n<meta property=\"og:title\" content=\"Slotrize Bonus \u2013 Exklusive Werbeangebote\" \/>\n<meta property=\"og:description\" content=\"Entdecken Sie die Bonusm\u00f6glichkeiten im Slotrize Casino, darunter Willkommensboni, Einzahlungsboni, laufende Aktionen und spannende Turniere. Hier finden Sie alle Bonusbedingungen und Anweisungen zum Einl\u00f6sen.\" \/>\n<meta property=\"og:url\" content=\"https:\/\/theslotrize.org\/de\/aktionen\/\" \/>\n<meta property=\"og:site_name\" content=\"slotrize\" \/>\n<meta property=\"article:modified_time\" content=\"2026-01-22T13:36:16+00:00\" \/>\n<meta name=\"twitter:card\" content=\"summary_large_image\" \/>\n<meta name=\"twitter:label1\" content=\"Gesch\u00e4tzte Lesezeit\" \/>\n\t<meta name=\"twitter:data1\" content=\"1\u00a0Minute\" \/>\n<script type=\"application\/ld+json\" class=\"yoast-schema-graph\">{\"@context\":\"https:\/\/schema.org\",\"@graph\":[{\"@type\":\"WebPage\",\"@id\":\"https:\/\/theslotrize.org\/de\/aktionen\/\",\"url\":\"https:\/\/theslotrize.org\/de\/aktionen\/\",\"name\":\"Slotrize Bonus \u2013 Exklusive Werbeangebote\",\"isPartOf\":{\"@id\":\"https:\/\/theslotrize.org\/de\/#website\"},\"datePublished\":\"2026-01-22T11:41:03+00:00\",\"dateModified\":\"2026-01-22T13:36:16+00:00\",\"description\":\"Entdecken Sie die Bonusm\u00f6glichkeiten im Slotrize Casino, darunter Willkommensboni, Einzahlungsboni, laufende Aktionen und spannende Turniere. Hier finden Sie alle Bonusbedingungen und Anweisungen zum Einl\u00f6sen.\",\"breadcrumb\":{\"@id\":\"https:\/\/theslotrize.org\/de\/aktionen\/#breadcrumb\"},\"inLanguage\":\"de\",\"potentialAction\":[{\"@type\":\"ReadAction\",\"target\":[\"https:\/\/theslotrize.org\/de\/aktionen\/\"]}]},{\"@type\":\"BreadcrumbList\",\"@id\":\"https:\/\/theslotrize.org\/de\/aktionen\/#breadcrumb\",\"itemListElement\":[{\"@type\":\"ListItem\",\"position\":1,\"name\":\"Slotrize\",\"item\":\"https:\/\/theslotrize.org\/de\/\"},{\"@type\":\"ListItem\",\"position\":2,\"name\":\"Aktionen\"}]},{\"@type\":\"WebSite\",\"@id\":\"https:\/\/theslotrize.org\/de\/#website\",\"url\":\"https:\/\/theslotrize.org\/de\/\",\"name\":\"Slotrize\",\"description\":\"\",\"publisher\":{\"@id\":\"https:\/\/theslotrize.org\/de\/#organization\"},\"potentialAction\":[{\"@type\":\"SearchAction\",\"target\":{\"@type\":\"EntryPoint\",\"urlTemplate\":\"https:\/\/theslotrize.org\/de\/?s={search_term_string}\"},\"query-input\":{\"@type\":\"PropertyValueSpecification\",\"valueRequired\":true,\"valueName\":\"search_term_string\"}}],\"inLanguage\":\"de\"},{\"@type\":\"Organization\",\"@id\":\"https:\/\/theslotrize.org\/de\/#organization\",\"name\":\"Slotrize\",\"url\":\"https:\/\/theslotrize.org\/de\/\",\"logo\":{\"@type\":\"ImageObject\",\"inLanguage\":\"de\",\"@id\":\"https:\/\/theslotrize.org\/de\/#\/schema\/logo\/image\/\",\"url\":\"https:\/\/theslotrize.org\/wp-content\/uploads\/2026\/01\/Slotrize-logo.png\",\"contentUrl\":\"https:\/\/theslotrize.org\/wp-content\/uploads\/2026\/01\/Slotrize-logo.png\",\"width\":54,\"height\":27,\"caption\":\"Slotrize\"},\"image\":{\"@id\":\"https:\/\/theslotrize.org\/de\/#\/schema\/logo\/image\/\"}}]}<\/script>\n<!-- \/ Yoast SEO plugin. -->","yoast_head_json":{"title":"Slotrize Bonus \u2013 Exklusive Werbeangebote","description":"Entdecken Sie die Bonusm\u00f6glichkeiten im Slotrize Casino, darunter Willkommensboni, Einzahlungsboni, laufende Aktionen und spannende Turniere. Hier finden Sie alle Bonusbedingungen und Anweisungen zum Einl\u00f6sen.","robots":{"index":"index","follow":"follow","max-snippet":"max-snippet:-1","max-image-preview":"max-image-preview:large","max-video-preview":"max-video-preview:-1"},"canonical":"https:\/\/theslotrize.org\/de\/aktionen\/","og_locale":"de_DE","og_type":"article","og_title":"Slotrize Bonus \u2013 Exklusive Werbeangebote","og_description":"Entdecken Sie die Bonusm\u00f6glichkeiten im Slotrize Casino, darunter Willkommensboni, Einzahlungsboni, laufende Aktionen und spannende Turniere. Hier finden Sie alle Bonusbedingungen und Anweisungen zum Einl\u00f6sen.","og_url":"https:\/\/theslotrize.org\/de\/aktionen\/","og_site_name":"slotrize","article_modified_time":"2026-01-22T13:36:16+00:00","twitter_card":"summary_large_image","twitter_misc":{"Gesch\u00e4tzte Lesezeit":"1\u00a0Minute"},"schema":{"@context":"https:\/\/schema.org","@graph":[{"@type":"WebPage","@id":"https:\/\/theslotrize.org\/de\/aktionen\/","url":"https:\/\/theslotrize.org\/de\/aktionen\/","name":"Slotrize Bonus \u2013 Exklusive Werbeangebote","isPartOf":{"@id":"https:\/\/theslotrize.org\/de\/#website"},"datePublished":"2026-01-22T11:41:03+00:00","dateModified":"2026-01-22T13:36:16+00:00","description":"Entdecken Sie die Bonusm\u00f6glichkeiten im Slotrize Casino, darunter Willkommensboni, Einzahlungsboni, laufende Aktionen und spannende Turniere. Hier finden Sie alle Bonusbedingungen und Anweisungen zum Einl\u00f6sen.","breadcrumb":{"@id":"https:\/\/theslotrize.org\/de\/aktionen\/#breadcrumb"},"inLanguage":"de","potentialAction":[{"@type":"ReadAction","target":["https:\/\/theslotrize.org\/de\/aktionen\/"]}]},{"@type":"BreadcrumbList","@id":"https:\/\/theslotrize.org\/de\/aktionen\/#breadcrumb","itemListElement":[{"@type":"ListItem","position":1,"name":"Slotrize","item":"https:\/\/theslotrize.org\/de\/"},{"@type":"ListItem","position":2,"name":"Aktionen"}]},{"@type":"WebSite","@id":"https:\/\/theslotrize.org\/de\/#website","url":"https:\/\/theslotrize.org\/de\/","name":"Slotrize","description":"","publisher":{"@id":"https:\/\/theslotrize.org\/de\/#organization"},"potentialAction":[{"@type":"SearchAction","target":{"@type":"EntryPoint","urlTemplate":"https:\/\/theslotrize.org\/de\/?s={search_term_string}"},"query-input":{"@type":"PropertyValueSpecification","valueRequired":true,"valueName":"search_term_string"}}],"inLanguage":"de"},{"@type":"Organization","@id":"https:\/\/theslotrize.org\/de\/#organization","name":"Slotrize","url":"https:\/\/theslotrize.org\/de\/","logo":{"@type":"ImageObject","inLanguage":"de","@id":"https:\/\/theslotrize.org\/de\/#\/schema\/logo\/image\/","url":"https:\/\/theslotrize.org\/wp-content\/uploads\/2026\/01\/Slotrize-logo.png","contentUrl":"https:\/\/theslotrize.org\/wp-content\/uploads\/2026\/01\/Slotrize-logo.png","width":54,"height":27,"caption":"Slotrize"},"image":{"@id":"https:\/\/theslotrize.org\/de\/#\/schema\/logo\/image\/"}}]}},"_links":{"self":[{"href":"https:\/\/theslotrize.org\/de\/wp-json\/wp\/v2\/pages\/1427"}],"collection":[{"href":"https:\/\/theslotrize.org\/de\/wp-json\/wp\/v2\/pages"}],"about":[{"href":"https:\/\/theslotrize.org\/de\/wp-json\/wp\/v2\/types\/page"}],"author":[{"embeddable":true,"href":"https:\/\/theslotrize.org\/de\/wp-json\/wp\/v2\/users\/9"}],"replies":[{"embeddable":true,"href":"https:\/\/theslotrize.org\/de\/wp-json\/wp\/v2\/comments?post=1427"}],"version-history":[{"count":2,"href":"https:\/\/theslotrize.org\/de\/wp-json\/wp\/v2\/pages\/1427\/revisions"}],"predecessor-version":[{"id":1608,"href":"https:\/\/theslotrize.org\/de\/wp-json\/wp\/v2\/pages\/1427\/revisions\/1608"}],"wp:attachment":[{"href":"https:\/\/theslotrize.org\/de\/wp-json\/wp\/v2\/media?parent=1427"}],"curies":[{"name":"wp","href":"https:\/\/api.w.org\/{rel}","templated":true}]}}