{"id":1425,"date":"2026-01-22T11:41:03","date_gmt":"2026-01-22T11:41:03","guid":{"rendered":"https:\/\/theslotrize.org\/bonus\/"},"modified":"2026-01-22T13:10:36","modified_gmt":"2026-01-22T13:10:36","slug":"bonus","status":"publish","type":"page","link":"https:\/\/theslotrize.org\/fr\/bonus\/","title":{"rendered":"Bonus"},"content":{"rendered":"<h1>Offres de Bonus Slotrize<\/h1>\n<p>Le syst\u00e8me de bonus Slotrize offre \u00e0 tous les joueurs de multiples opportunit\u00e9s d&rsquo;augmenter leurs chances de gagner. Les nouveaux utilisateurs qui effectuent un d\u00e9p\u00f4t peuvent recevoir un pack de bienvenue d&rsquo;une valeur allant jusqu&rsquo;\u00e0 1 500 \u20ac ainsi que 250 tours gratuits. Aucun code bonus n&rsquo;est requis \u2014 l&rsquo;offre est appliqu\u00e9e automatiquement. Les joueurs r\u00e9guliers ont \u00e9galement acc\u00e8s \u00e0 des promotions et des r\u00e9compenses continues \u00e0 mesure qu&rsquo;ils utilisent la plateforme.<\/p>\n<p><div class=\"banner-wrap\" aria-label=\"Banner\"><img src=\"https:\/\/theslotrize.org\/wp-content\/uploads\/2026\/01\/Desktop-banner-scaled.webp\" class=\"w-100 d-none d-lg-block img-pc main-banner-img\" alt=\"Slotrize Desktop banner\" fetchpriority=\"high\" decoding=\"async\"><img src=\"https:\/\/theslotrize.org\/wp-content\/uploads\/2026\/01\/Mobile-banner.webp\" class=\"w-100 d-none d-md-block d-lg-none main-banner-img\" alt=\"Slotrize Mobile banner\" fetchpriority=\"high\" decoding=\"async\"><img src=\"https:\/\/theslotrize.org\/wp-content\/uploads\/2026\/01\/Mobile-banner.webp\" class=\"w-100 d-md-none\" alt=\"Slotrize Mobile banner\" fetchpriority=\"high\" decoding=\"async\"><div class=\"banner-description\">\n<div class=\"banner-title\">Bonus de bienvenue<\/div>\n<p class=\"banner-header-title\">1500 \u20ac<\/p>\n<div class=\"banner-header-AdditionalText\">+ 250 Tours gratuits<\/div>\n<button data-item=\"homepage_banner_link\" class=\"goto m-button m-gradient-border m-button--primary m-button--large banner-button btn-orange\">\n            <div class=\"m-button-content\">\n                <span>Inscrivez-vous d\u00e8s maintenant<\/span>\n                <span><\/span>\n            <\/div>\n        <\/button>\n<\/div>\n<div class=\"WelcomePack\">\n<p><img loading=\"lazy\" decoding=\"async\" class=\"alignnone size-full wp-image-1338\" src=\"https:\/\/theslotrize.org\/wp-content\/uploads\/2026\/01\/welcome-crown.png\" alt=\"welcome crown\" width=\"25\" height=\"26\" \/><\/p>\n<div class=\"WelcomePack-Info\">Cashback hebdomadaire jusqu&rsquo;\u00e0 25 %<\/div>\n<p><img loading=\"lazy\" decoding=\"async\" class=\"alignnone size-full wp-image-1338\" src=\"https:\/\/theslotrize.org\/wp-content\/uploads\/2026\/01\/welcome-crown.png\" alt=\"welcome crown\" width=\"25\" height=\"26\" \/><\/p>\n<\/div>\n<\/div><div class=\"promotions-wrap\"><div class=\"promotion-card\" style=\"background-image: url(https:\/\/theslotrize.org\/wp-content\/uploads\/2026\/01\/First-deposit.webp);\"><h2 class=\"promotion-card__title\">Bonus sur premier d\u00e9p\u00f4t<\/h2><label class=\"promotion-card__offer\">100 % jusqu&#039;\u00e0 500 \u20ac + 150 tours gratuits<\/label><label class=\"promotion-card__description\"><\/label><div class=\"promotion-card__actions\"><button data-item=\"payments_link\" data-group=\"website_links\" class=\"goto btn btn-orange rounded-pill fw-bold px-4 m-button m-gradient-border m-button--primary m-button--large promotion-button promotion-card__action-btn\" aria-label=\"S&#039;inscrire\"><div class=\"m-button-content\"><span class=\"promotion-button__content\">S&#039;inscrire<\/span><\/div><\/button><button data-item=\"http:\/\/bonus_link\" data-group=\"website_links\" class=\"goto m-button m-gradient-border m-button--secondary m-button--medium promotion-card__info-btn\" aria-label=\"More information\"><div class=\"m-button-content\"><svg viewBox=\"0 0 24 24\" fill=\"none\" xmlns=\"http:\/\/www.w3.org\/2000\/svg\" class=\"m-icon m-icon-loadable\" name=\"Attention\" loading=\"false\" aria-hidden=\"true\"><path d=\"M12 22C6.477 22 2 17.522 2 12S6.477 2 12 2s10 4.478 10 10-4.477 10-10 10m-.002-13.004a.999.999 0 1 0 0-1.997.999.999 0 0 0 0 1.997M12 17a1 1 0 0 0 .993-.884L13 16l-.002-5.001-.007-.117a1 1 0 0 0-1.986 0l-.007.117L11 16l.007.117A1 1 0 0 0 12 17\" fill=\"currentColor\"><\/path><\/svg><\/div><\/button><\/div><\/div><div class=\"promotion-card\" style=\"background-image: url(https:\/\/theslotrize.org\/wp-content\/uploads\/2026\/01\/Second-deposit.webp);\"><h2 class=\"promotion-card__title\">Bonus sur le deuxi\u00e8me d\u00e9p\u00f4t<\/h2><label class=\"promotion-card__offer\">55 % jusqu&#039;\u00e0 500 \u20ac + 100 tours gratuits<\/label><label class=\"promotion-card__description\"><\/label><div class=\"promotion-card__actions\"><button data-item=\"payments_link\" data-group=\"website_links\" class=\"goto btn btn-orange rounded-pill fw-bold px-4 m-button m-gradient-border m-button--primary m-button--large promotion-button promotion-card__action-btn\" aria-label=\"S&#039;inscrire\"><div class=\"m-button-content\"><span class=\"promotion-button__content\">S&#039;inscrire<\/span><\/div><\/button><button data-item=\"http:\/\/bonus_link\" data-group=\"website_links\" class=\"goto m-button m-gradient-border m-button--secondary m-button--medium promotion-card__info-btn\" aria-label=\"More information\"><div class=\"m-button-content\"><svg viewBox=\"0 0 24 24\" fill=\"none\" xmlns=\"http:\/\/www.w3.org\/2000\/svg\" class=\"m-icon m-icon-loadable\" name=\"Attention\" loading=\"false\" aria-hidden=\"true\"><path d=\"M12 22C6.477 22 2 17.522 2 12S6.477 2 12 2s10 4.478 10 10-4.477 10-10 10m-.002-13.004a.999.999 0 1 0 0-1.997.999.999 0 0 0 0 1.997M12 17a1 1 0 0 0 .993-.884L13 16l-.002-5.001-.007-.117a1 1 0 0 0-1.986 0l-.007.117L11 16l.007.117A1 1 0 0 0 12 17\" fill=\"currentColor\"><\/path><\/svg><\/div><\/button><\/div><\/div><div class=\"promotion-card\" style=\"background-image: url(https:\/\/theslotrize.org\/wp-content\/uploads\/2026\/01\/Third-deposit.webp);\"><h2 class=\"promotion-card__title\">Bonus sur le troisi\u00e8me d\u00e9p\u00f4t<\/h2><label class=\"promotion-card__offer\">100 % jusqu&#039;\u00e0 500 \u20ac<\/label><label class=\"promotion-card__description\"><\/label><div class=\"promotion-card__actions\"><button data-item=\"payments_link\" data-group=\"website_links\" class=\"goto btn btn-orange rounded-pill fw-bold px-4 m-button m-gradient-border m-button--primary m-button--large promotion-button promotion-card__action-btn\" aria-label=\"S&#039;inscrire\"><div class=\"m-button-content\"><span class=\"promotion-button__content\">S&#039;inscrire<\/span><\/div><\/button><button data-item=\"http:\/\/bonus_link\" data-group=\"website_links\" class=\"goto m-button m-gradient-border m-button--secondary m-button--medium promotion-card__info-btn\" aria-label=\"More information\"><div class=\"m-button-content\"><svg viewBox=\"0 0 24 24\" fill=\"none\" xmlns=\"http:\/\/www.w3.org\/2000\/svg\" class=\"m-icon m-icon-loadable\" name=\"Attention\" loading=\"false\" aria-hidden=\"true\"><path d=\"M12 22C6.477 22 2 17.522 2 12S6.477 2 12 2s10 4.478 10 10-4.477 10-10 10m-.002-13.004a.999.999 0 1 0 0-1.997.999.999 0 0 0 0 1.997M12 17a1 1 0 0 0 .993-.884L13 16l-.002-5.001-.007-.117a1 1 0 0 0-1.986 0l-.007.117L11 16l.007.117A1 1 0 0 0 12 17\" fill=\"currentColor\"><\/path><\/svg><\/div><\/button><\/div><\/div><div class=\"promotion-card\" style=\"background-image: url(https:\/\/theslotrize.org\/wp-content\/uploads\/2026\/01\/Cashback.webp);\"><h2 class=\"promotion-card__title\">Cashback hebdomadaire<\/h2><label class=\"promotion-card__offer\">jusqu&#039;\u00e0 25 %<\/label><label class=\"promotion-card__description\"><\/label><div class=\"promotion-card__actions\"><button data-item=\"payments_link\" data-group=\"website_links\" class=\"goto btn btn-orange rounded-pill fw-bold px-4 m-button m-gradient-border m-button--primary m-button--large promotion-button promotion-card__action-btn\" aria-label=\"S&#039;inscrire\"><div class=\"m-button-content\"><span class=\"promotion-button__content\">S&#039;inscrire<\/span><\/div><\/button><button data-item=\"http:\/\/bonus_link\" data-group=\"website_links\" class=\"goto m-button m-gradient-border m-button--secondary m-button--medium promotion-card__info-btn\" aria-label=\"More information\"><div class=\"m-button-content\"><svg viewBox=\"0 0 24 24\" fill=\"none\" xmlns=\"http:\/\/www.w3.org\/2000\/svg\" class=\"m-icon m-icon-loadable\" name=\"Attention\" loading=\"false\" aria-hidden=\"true\"><path d=\"M12 22C6.477 22 2 17.522 2 12S6.477 2 12 2s10 4.478 10 10-4.477 10-10 10m-.002-13.004a.999.999 0 1 0 0-1.997.999.999 0 0 0 0 1.997M12 17a1 1 0 0 0 .993-.884L13 16l-.002-5.001-.007-.117a1 1 0 0 0-1.986 0l-.007.117L11 16l.007.117A1 1 0 0 0 12 17\" fill=\"currentColor\"><\/path><\/svg><\/div><\/button><\/div><\/div><div class=\"promotion-card\" style=\"background-image: url(https:\/\/theslotrize.org\/wp-content\/uploads\/2026\/01\/Sunday-reload.webp);\"><h2 class=\"promotion-card__title\">Recharge du dimanche<\/h2><label class=\"promotion-card__offer\">25 % jusqu&#039;\u00e0 100 \u20ac<\/label><label class=\"promotion-card__description\"><\/label><div class=\"promotion-card__actions\"><button data-item=\"payments_link\" data-group=\"website_links\" class=\"goto btn btn-orange rounded-pill fw-bold px-4 m-button m-gradient-border m-button--primary m-button--large promotion-button promotion-card__action-btn\" aria-label=\"S&#039;inscrire\"><div class=\"m-button-content\"><span class=\"promotion-button__content\">S&#039;inscrire<\/span><\/div><\/button><button data-item=\"http:\/\/bonus_link\" data-group=\"website_links\" class=\"goto m-button m-gradient-border m-button--secondary m-button--medium promotion-card__info-btn\" aria-label=\"More information\"><div class=\"m-button-content\"><svg viewBox=\"0 0 24 24\" fill=\"none\" xmlns=\"http:\/\/www.w3.org\/2000\/svg\" class=\"m-icon m-icon-loadable\" name=\"Attention\" loading=\"false\" aria-hidden=\"true\"><path d=\"M12 22C6.477 22 2 17.522 2 12S6.477 2 12 2s10 4.478 10 10-4.477 10-10 10m-.002-13.004a.999.999 0 1 0 0-1.997.999.999 0 0 0 0 1.997M12 17a1 1 0 0 0 .993-.884L13 16l-.002-5.001-.007-.117a1 1 0 0 0-1.986 0l-.007.117L11 16l.007.117A1 1 0 0 0 12 17\" fill=\"currentColor\"><\/path><\/svg><\/div><\/button><\/div><\/div><div class=\"promotion-card\" style=\"background-image: url(https:\/\/theslotrize.org\/wp-content\/uploads\/2026\/01\/Rakeback.webp);\"><h2 class=\"promotion-card__title\">Rakeback<\/h2><label class=\"promotion-card__offer\">jusqu&#039;\u00e0 17 %<\/label><label class=\"promotion-card__description\"><\/label><div class=\"promotion-card__actions\"><button data-item=\"payments_link\" data-group=\"website_links\" class=\"goto btn btn-orange rounded-pill fw-bold px-4 m-button m-gradient-border m-button--primary m-button--large promotion-button promotion-card__action-btn\" aria-label=\"S&#039;inscrire\"><div class=\"m-button-content\"><span class=\"promotion-button__content\">S&#039;inscrire<\/span><\/div><\/button><button data-item=\"http:\/\/bonus_link\" data-group=\"website_links\" class=\"goto m-button m-gradient-border m-button--secondary m-button--medium promotion-card__info-btn\" aria-label=\"More information\"><div class=\"m-button-content\"><svg viewBox=\"0 0 24 24\" fill=\"none\" xmlns=\"http:\/\/www.w3.org\/2000\/svg\" class=\"m-icon m-icon-loadable\" name=\"Attention\" loading=\"false\" aria-hidden=\"true\"><path d=\"M12 22C6.477 22 2 17.522 2 12S6.477 2 12 2s10 4.478 10 10-4.477 10-10 10m-.002-13.004a.999.999 0 1 0 0-1.997.999.999 0 0 0 0 1.997M12 17a1 1 0 0 0 .993-.884L13 16l-.002-5.001-.007-.117a1 1 0 0 0-1.986 0l-.007.117L11 16l.007.117A1 1 0 0 0 12 17\" fill=\"currentColor\"><\/path><\/svg><\/div><\/button><\/div><\/div><div class=\"promotion-card\" style=\"background-image: url(https:\/\/theslotrize.org\/wp-content\/uploads\/2026\/01\/Highroller.webp);\"><h2 class=\"promotion-card__title\">Bonus Highroller<\/h2><label class=\"promotion-card__offer\">50 % jusqu&#039;\u00e0 500 \u20ac<\/label><label class=\"promotion-card__description\"><\/label><div class=\"promotion-card__actions\"><button data-item=\"payments_link\" data-group=\"website_links\" class=\"goto btn btn-orange rounded-pill fw-bold px-4 m-button m-gradient-border m-button--primary m-button--large promotion-button promotion-card__action-btn\" aria-label=\"S&#039;inscrire\"><div class=\"m-button-content\"><span class=\"promotion-button__content\">S&#039;inscrire<\/span><\/div><\/button><button data-item=\"http:\/\/bonus_link\" data-group=\"website_links\" class=\"goto m-button m-gradient-border m-button--secondary m-button--medium promotion-card__info-btn\" aria-label=\"More information\"><div class=\"m-button-content\"><svg viewBox=\"0 0 24 24\" fill=\"none\" xmlns=\"http:\/\/www.w3.org\/2000\/svg\" class=\"m-icon m-icon-loadable\" name=\"Attention\" loading=\"false\" aria-hidden=\"true\"><path d=\"M12 22C6.477 22 2 17.522 2 12S6.477 2 12 2s10 4.478 10 10-4.477 10-10 10m-.002-13.004a.999.999 0 1 0 0-1.997.999.999 0 0 0 0 1.997M12 17a1 1 0 0 0 .993-.884L13 16l-.002-5.001-.007-.117a1 1 0 0 0-1.986 0l-.007.117L11 16l.007.117A1 1 0 0 0 12 17\" fill=\"currentColor\"><\/path><\/svg><\/div><\/button><\/div><\/div><\/div><div class=\"scrollable-content-wrap my-5\"><div class=\"scrollable-content-inner\"><h2>Promotion et Type de Bonus Slotrize<\/h2>\n<p>Slotrize offre une vari\u00e9t\u00e9 de promotions adapt\u00e9es \u00e0 diff\u00e9rents niveaux de joueurs et budgets. Les r\u00e9compenses incluent des tours gratuits, des fonds bonus et des remboursements sur les pertes.<\/p>\n<p>Les joueurs r\u00e9guliers ont acc\u00e8s \u00e0 plusieurs offres continues, du cashback aux avantages pour les gros joueurs.<\/p>\n<table>\n<tbody>\n<tr>\n<td>Type de bonus<\/td>\n<td>R\u00e9compense<\/td>\n<td>D\u00e9tails<\/td>\n<\/tr>\n<tr>\n<td>Cashback<\/td>\n<td>jusqu&rsquo;\u00e0 25%<\/td>\n<td>Un pourcentage des pertes hebdomadaires retourn\u00e9 sans conditions compliqu\u00e9es.<\/td>\n<\/tr>\n<tr>\n<td>Rakeback<\/td>\n<td>jusqu&rsquo;\u00e0 17%<\/td>\n<td>Disponible sur certains jeux. Peut \u00eatre quotidien, hebdomadaire ou mensuel, selon le niveau du joueur.<\/td>\n<\/tr>\n<tr>\n<td>Offre Highroller<\/td>\n<td>50% jusqu&rsquo;\u00e0 500 \u20ac<\/td>\n<td>Con\u00e7ue pour les joueurs qui pr\u00e9f\u00e8rent les mises plus importantes et les enjeux plus \u00e9lev\u00e9s.<\/td>\n<\/tr>\n<tr>\n<td>Rechargement du Dimanche<\/td>\n<td>25% jusqu&rsquo;\u00e0 100 \u20ac<\/td>\n<td>Un bonus hebdomadaire pour r\u00e9cup\u00e9rer une partie des pertes de la semaine pr\u00e9c\u00e9dente.<\/td>\n<\/tr>\n<\/tbody>\n<\/table>\n<h2>Bonus de Bienvenue Slotrize Casino<\/h2>\n<p>Les nouveaux utilisateurs qui s&rsquo;inscrivent et d\u00e9posent au moins 20 \u20ac sont \u00e9ligibles \u00e0 un pack de bienvenue d&rsquo;une valeur allant jusqu&rsquo;\u00e0 1 500 \u20ac plus 250 tours gratuits. Le bonus est r\u00e9parti sur les trois premiers d\u00e9p\u00f4ts, et aucun code promo n&rsquo;est n\u00e9cessaire.<\/p>\n<p>Le premier d\u00e9p\u00f4t est \u00e9galis\u00e9 \u00e0 100 % jusqu&rsquo;\u00e0 500 \u20ac et comprend 150 tours gratuits. Le deuxi\u00e8me d\u00e9p\u00f4t offre une \u00e9galisation de 55 % jusqu&rsquo;\u00e0 500 \u20ac ainsi que 100 tours gratuits, qui sont attribu\u00e9s par lots de 50 par jour. Le troisi\u00e8me d\u00e9p\u00f4t ajoute jusqu&rsquo;\u00e0 500 \u20ac suppl\u00e9mentaires.<\/p>\n<p>Une fois activ\u00e9, le bonus de bienvenue reste valide pendant 7 jours. Pour retirer les gains du bonus, le montant du bonus doit \u00eatre mis\u00e9 35 fois.<\/p>\n<h2>Tournois Slotrize<\/h2>\n<p>Slotrize organise des tournois r\u00e9guliers destin\u00e9s aux joueurs qui aiment la comp\u00e9tition. Les participants gagnent des points en jouant aux jeux \u00e9ligibles, les meilleurs performeurs apparaissant sur le classement. La plupart des tournois sont construits autour des machines \u00e0 sous ou des jeux de casino en direct.<\/p>\n<p>Les tournois actuels incluent :<\/p>\n<ul>\n<li>Spinoleague \u2014 12 000 000 \u20ac<\/li>\n<li>Drops &amp; Wins \u2014 25 000 000 \u20ac<\/li>\n<li>BGaming Drops Frenzy \u2014 660 000 \u20ac+<\/li>\n<li>Tournoi en Direct \u2014 10 000 \u20ac<\/li>\n<\/ul>\n<p>Consultez la page des promotions pour les mises \u00e0 jour sur les conditions d&rsquo;\u00e9ligibilit\u00e9 et les jeux qualifiants.<\/p>\n<h2>Conditions G\u00e9n\u00e9rales des Bonus Slotrize<\/h2>\n<p>Chaque bonus Slotrize est assorti de conditions sp\u00e9cifiques. Il vaut la peine de les examiner avant de r\u00e9clamer une offre. Les promotions sont g\u00e9n\u00e9ralement valables de 7 \u00e0 14 jours. Si les conditions ne sont pas remplies dans ce d\u00e9lai, le bonus est annul\u00e9.<\/p>\n<p>Les exigences courantes incluent des seuils de mise, des limites de mise maximales et des r\u00e8gles de contribution des jeux. Un d\u00e9p\u00f4t minimum est \u00e9galement requis pour activer la plupart des offres, et le montant peut varier selon la promotion.<\/p>\n<h2>FAQ<\/h2>\n<h3>Comment obtenir le pack de bienvenue chez Slot Rize Casino ?<\/h3>\n<p>Le pack de bienvenue est appliqu\u00e9 automatiquement apr\u00e8s la cr\u00e9ation d&rsquo;un compte et le premier d\u00e9p\u00f4t. Aucun code promo n&rsquo;est requis.<\/p>\n<h3>Que dois-je faire si mon bonus n&rsquo;appara\u00eet pas apr\u00e8s avoir effectu\u00e9 un d\u00e9p\u00f4t ?<\/h3>\n<p>Tout d&rsquo;abord, v\u00e9rifiez si toutes les conditions du bonus ont \u00e9t\u00e9 remplies. Si tout semble correct et que le bonus n&rsquo;est toujours pas apparu, contactez l&rsquo;\u00e9quipe d&rsquo;assistance via le chat en direct ou par e-mail pour obtenir de l&rsquo;aide.<\/p>\n<h3>Y a-t-il des restrictions sur l&rsquo;utilisation des bonus pour tous les jeux chez Slot Rize ?<\/h3>\n<p>Chaque promotion a ses propres conditions, y compris des r\u00e8gles de contribution des jeux. Par exemple, les machines \u00e0 sous contribuent g\u00e9n\u00e9ralement \u00e0 100 % aux exigences de mise, tandis que les jeux de table peuvent contribuer moins ou pas du tout.<\/p>\n<\/div><\/div><\/p>\n","protected":false},"excerpt":{"rendered":"<p>Offres de Bonus Slotrize Le syst\u00e8me de bonus Slotrize offre \u00e0 tous les joueurs de multiples opportunit\u00e9s d&rsquo;augmenter leurs chances de gagner. Les nouveaux utilisateurs qui effectuent un d\u00e9p\u00f4t peuvent recevoir un pack de bienvenue d&rsquo;une valeur allant jusqu&rsquo;\u00e0 1 500 \u20ac ainsi que 250 tours gratuits. Aucun code bonus n&rsquo;est requis \u2014 l&rsquo;offre est [&hellip;]<\/p>\n","protected":false},"author":9,"featured_media":0,"parent":0,"menu_order":0,"comment_status":"closed","ping_status":"closed","template":"template-builder.php","meta":{"_acf_changed":false,"inline_featured_image":false,"footnotes":""},"class_list":["post-1425","page","type-page","status-publish","hentry"],"acf":[],"yoast_head":"<!-- This site is optimized with the Yoast SEO plugin v24.4 - https:\/\/yoast.com\/wordpress\/plugins\/seo\/ -->\n<title>Slotrize Bonus - Offres promotionnelles exclusives<\/title>\n<meta name=\"description\" content=\"D\u00e9couvrez les bonus offerts par Slotrize Casino, notamment les bonus de bienvenue, les bonus sur d\u00e9p\u00f4t, les promotions continues et les tournois passionnants. Retrouvez toutes les conditions des bonus et les instructions pour en b\u00e9n\u00e9ficier ici.\" \/>\n<meta name=\"robots\" content=\"index, follow, max-snippet:-1, max-image-preview:large, max-video-preview:-1\" \/>\n<link rel=\"canonical\" href=\"https:\/\/theslotrize.org\/fr\/bonus\/\" \/>\n<meta property=\"og:locale\" content=\"fr_FR\" \/>\n<meta property=\"og:type\" content=\"article\" \/>\n<meta property=\"og:title\" content=\"Slotrize Bonus - Offres promotionnelles exclusives\" \/>\n<meta property=\"og:description\" content=\"D\u00e9couvrez les bonus offerts par Slotrize Casino, notamment les bonus de bienvenue, les bonus sur d\u00e9p\u00f4t, les promotions continues et les tournois passionnants. Retrouvez toutes les conditions des bonus et les instructions pour en b\u00e9n\u00e9ficier ici.\" \/>\n<meta property=\"og:url\" content=\"https:\/\/theslotrize.org\/fr\/bonus\/\" \/>\n<meta property=\"og:site_name\" content=\"slotrize\" \/>\n<meta property=\"article:modified_time\" content=\"2026-01-22T13:10:36+00:00\" \/>\n<meta name=\"twitter:card\" content=\"summary_large_image\" \/>\n<meta name=\"twitter:label1\" content=\"Dur\u00e9e de lecture estim\u00e9e\" \/>\n\t<meta name=\"twitter:data1\" content=\"1 minute\" \/>\n<script type=\"application\/ld+json\" class=\"yoast-schema-graph\">{\"@context\":\"https:\/\/schema.org\",\"@graph\":[{\"@type\":\"WebPage\",\"@id\":\"https:\/\/theslotrize.org\/fr\/bonus\/\",\"url\":\"https:\/\/theslotrize.org\/fr\/bonus\/\",\"name\":\"Slotrize Bonus - Offres promotionnelles exclusives\",\"isPartOf\":{\"@id\":\"https:\/\/theslotrize.org\/fr\/#website\"},\"datePublished\":\"2026-01-22T11:41:03+00:00\",\"dateModified\":\"2026-01-22T13:10:36+00:00\",\"description\":\"D\u00e9couvrez les bonus offerts par Slotrize Casino, notamment les bonus de bienvenue, les bonus sur d\u00e9p\u00f4t, les promotions continues et les tournois passionnants. Retrouvez toutes les conditions des bonus et les instructions pour en b\u00e9n\u00e9ficier ici.\",\"breadcrumb\":{\"@id\":\"https:\/\/theslotrize.org\/fr\/bonus\/#breadcrumb\"},\"inLanguage\":\"fr-FR\",\"potentialAction\":[{\"@type\":\"ReadAction\",\"target\":[\"https:\/\/theslotrize.org\/fr\/bonus\/\"]}]},{\"@type\":\"BreadcrumbList\",\"@id\":\"https:\/\/theslotrize.org\/fr\/bonus\/#breadcrumb\",\"itemListElement\":[{\"@type\":\"ListItem\",\"position\":1,\"name\":\"Slotrize\",\"item\":\"https:\/\/theslotrize.org\/fr\/\"},{\"@type\":\"ListItem\",\"position\":2,\"name\":\"Bonus\"}]},{\"@type\":\"WebSite\",\"@id\":\"https:\/\/theslotrize.org\/fr\/#website\",\"url\":\"https:\/\/theslotrize.org\/fr\/\",\"name\":\"Slotrize\",\"description\":\"\",\"publisher\":{\"@id\":\"https:\/\/theslotrize.org\/fr\/#organization\"},\"potentialAction\":[{\"@type\":\"SearchAction\",\"target\":{\"@type\":\"EntryPoint\",\"urlTemplate\":\"https:\/\/theslotrize.org\/fr\/?s={search_term_string}\"},\"query-input\":{\"@type\":\"PropertyValueSpecification\",\"valueRequired\":true,\"valueName\":\"search_term_string\"}}],\"inLanguage\":\"fr-FR\"},{\"@type\":\"Organization\",\"@id\":\"https:\/\/theslotrize.org\/fr\/#organization\",\"name\":\"Slotrize\",\"url\":\"https:\/\/theslotrize.org\/fr\/\",\"logo\":{\"@type\":\"ImageObject\",\"inLanguage\":\"fr-FR\",\"@id\":\"https:\/\/theslotrize.org\/fr\/#\/schema\/logo\/image\/\",\"url\":\"https:\/\/theslotrize.org\/wp-content\/uploads\/2026\/01\/Slotrize-logo.png\",\"contentUrl\":\"https:\/\/theslotrize.org\/wp-content\/uploads\/2026\/01\/Slotrize-logo.png\",\"width\":54,\"height\":27,\"caption\":\"Slotrize\"},\"image\":{\"@id\":\"https:\/\/theslotrize.org\/fr\/#\/schema\/logo\/image\/\"}}]}<\/script>\n<!-- \/ Yoast SEO plugin. -->","yoast_head_json":{"title":"Slotrize Bonus - Offres promotionnelles exclusives","description":"D\u00e9couvrez les bonus offerts par Slotrize Casino, notamment les bonus de bienvenue, les bonus sur d\u00e9p\u00f4t, les promotions continues et les tournois passionnants. Retrouvez toutes les conditions des bonus et les instructions pour en b\u00e9n\u00e9ficier ici.","robots":{"index":"index","follow":"follow","max-snippet":"max-snippet:-1","max-image-preview":"max-image-preview:large","max-video-preview":"max-video-preview:-1"},"canonical":"https:\/\/theslotrize.org\/fr\/bonus\/","og_locale":"fr_FR","og_type":"article","og_title":"Slotrize Bonus - Offres promotionnelles exclusives","og_description":"D\u00e9couvrez les bonus offerts par Slotrize Casino, notamment les bonus de bienvenue, les bonus sur d\u00e9p\u00f4t, les promotions continues et les tournois passionnants. Retrouvez toutes les conditions des bonus et les instructions pour en b\u00e9n\u00e9ficier ici.","og_url":"https:\/\/theslotrize.org\/fr\/bonus\/","og_site_name":"slotrize","article_modified_time":"2026-01-22T13:10:36+00:00","twitter_card":"summary_large_image","twitter_misc":{"Dur\u00e9e de lecture estim\u00e9e":"1 minute"},"schema":{"@context":"https:\/\/schema.org","@graph":[{"@type":"WebPage","@id":"https:\/\/theslotrize.org\/fr\/bonus\/","url":"https:\/\/theslotrize.org\/fr\/bonus\/","name":"Slotrize Bonus - Offres promotionnelles exclusives","isPartOf":{"@id":"https:\/\/theslotrize.org\/fr\/#website"},"datePublished":"2026-01-22T11:41:03+00:00","dateModified":"2026-01-22T13:10:36+00:00","description":"D\u00e9couvrez les bonus offerts par Slotrize Casino, notamment les bonus de bienvenue, les bonus sur d\u00e9p\u00f4t, les promotions continues et les tournois passionnants. Retrouvez toutes les conditions des bonus et les instructions pour en b\u00e9n\u00e9ficier ici.","breadcrumb":{"@id":"https:\/\/theslotrize.org\/fr\/bonus\/#breadcrumb"},"inLanguage":"fr-FR","potentialAction":[{"@type":"ReadAction","target":["https:\/\/theslotrize.org\/fr\/bonus\/"]}]},{"@type":"BreadcrumbList","@id":"https:\/\/theslotrize.org\/fr\/bonus\/#breadcrumb","itemListElement":[{"@type":"ListItem","position":1,"name":"Slotrize","item":"https:\/\/theslotrize.org\/fr\/"},{"@type":"ListItem","position":2,"name":"Bonus"}]},{"@type":"WebSite","@id":"https:\/\/theslotrize.org\/fr\/#website","url":"https:\/\/theslotrize.org\/fr\/","name":"Slotrize","description":"","publisher":{"@id":"https:\/\/theslotrize.org\/fr\/#organization"},"potentialAction":[{"@type":"SearchAction","target":{"@type":"EntryPoint","urlTemplate":"https:\/\/theslotrize.org\/fr\/?s={search_term_string}"},"query-input":{"@type":"PropertyValueSpecification","valueRequired":true,"valueName":"search_term_string"}}],"inLanguage":"fr-FR"},{"@type":"Organization","@id":"https:\/\/theslotrize.org\/fr\/#organization","name":"Slotrize","url":"https:\/\/theslotrize.org\/fr\/","logo":{"@type":"ImageObject","inLanguage":"fr-FR","@id":"https:\/\/theslotrize.org\/fr\/#\/schema\/logo\/image\/","url":"https:\/\/theslotrize.org\/wp-content\/uploads\/2026\/01\/Slotrize-logo.png","contentUrl":"https:\/\/theslotrize.org\/wp-content\/uploads\/2026\/01\/Slotrize-logo.png","width":54,"height":27,"caption":"Slotrize"},"image":{"@id":"https:\/\/theslotrize.org\/fr\/#\/schema\/logo\/image\/"}}]}},"_links":{"self":[{"href":"https:\/\/theslotrize.org\/fr\/wp-json\/wp\/v2\/pages\/1425"}],"collection":[{"href":"https:\/\/theslotrize.org\/fr\/wp-json\/wp\/v2\/pages"}],"about":[{"href":"https:\/\/theslotrize.org\/fr\/wp-json\/wp\/v2\/types\/page"}],"author":[{"embeddable":true,"href":"https:\/\/theslotrize.org\/fr\/wp-json\/wp\/v2\/users\/9"}],"replies":[{"embeddable":true,"href":"https:\/\/theslotrize.org\/fr\/wp-json\/wp\/v2\/comments?post=1425"}],"version-history":[{"count":2,"href":"https:\/\/theslotrize.org\/fr\/wp-json\/wp\/v2\/pages\/1425\/revisions"}],"predecessor-version":[{"id":1565,"href":"https:\/\/theslotrize.org\/fr\/wp-json\/wp\/v2\/pages\/1425\/revisions\/1565"}],"wp:attachment":[{"href":"https:\/\/theslotrize.org\/fr\/wp-json\/wp\/v2\/media?parent=1425"}],"curies":[{"name":"wp","href":"https:\/\/api.w.org\/{rel}","templated":true}]}}