{"id":1430,"date":"2026-01-22T11:41:03","date_gmt":"2026-01-22T11:41:03","guid":{"rendered":"https:\/\/theslotrize.org\/bonus\/"},"modified":"2026-01-22T14:13:36","modified_gmt":"2026-01-22T14:13:36","slug":"bonus","status":"publish","type":"page","link":"https:\/\/theslotrize.org\/it\/bonus\/","title":{"rendered":"Bonus"},"content":{"rendered":"<h1>Offerte Bonus Slotrize<\/h1>\n<p>Il sistema di bonus Slotrize offre a tutti i giocatori molteplici opportunit\u00e0 di aumentare le proprie possibilit\u00e0 di vincita. I nuovi utenti che effettuano un deposito possono ricevere un pacchetto di benvenuto del valore fino a 1.500 \u20ac insieme a 250 giri gratuiti. Non sono necessari codici bonus \u2014 l&#8217;offerta viene applicata automaticamente. I giocatori abituali hanno anche accesso a promozioni e ricompense continue mentre continuano a utilizzare la piattaforma.<\/p>\n<p><div class=\"banner-wrap\" aria-label=\"Banner\"><img src=\"https:\/\/theslotrize.org\/wp-content\/uploads\/2026\/01\/Desktop-banner-scaled.webp\" class=\"w-100 d-none d-lg-block img-pc main-banner-img\" alt=\"Slotrize Desktop banner\" fetchpriority=\"high\" decoding=\"async\"><img src=\"https:\/\/theslotrize.org\/wp-content\/uploads\/2026\/01\/Mobile-banner.webp\" class=\"w-100 d-none d-md-block d-lg-none main-banner-img\" alt=\"Slotrize Mobile banner\" fetchpriority=\"high\" decoding=\"async\"><img src=\"https:\/\/theslotrize.org\/wp-content\/uploads\/2026\/01\/Mobile-banner.webp\" class=\"w-100 d-md-none\" alt=\"Slotrize Mobile banner\" fetchpriority=\"high\" decoding=\"async\"><div class=\"banner-description\">\n<div class=\"banner-title\">Bonus di benvenuto<\/div>\n<p class=\"banner-header-title\">1500 \u20ac<\/p>\n<div class=\"banner-header-AdditionalText\">+ 250 Giri gratuiti<\/div>\n<button data-item=\"homepage_banner_link\" class=\"goto m-button m-gradient-border m-button--primary m-button--large banner-button btn-orange\">\n            <div class=\"m-button-content\">\n                <span>Iscriviti ora<\/span>\n                <span><\/span>\n            <\/div>\n        <\/button>\n<\/div>\n<div class=\"WelcomePack\">\n<p><img loading=\"lazy\" decoding=\"async\" class=\"alignnone size-full wp-image-1338\" src=\"https:\/\/theslotrize.org\/wp-content\/uploads\/2026\/01\/welcome-crown.png\" alt=\"welcome crown\" width=\"25\" height=\"26\" \/><\/p>\n<div class=\"WelcomePack-Info\">Cashback settimanale fino al 25%<\/div>\n<p><img loading=\"lazy\" decoding=\"async\" class=\"alignnone size-full wp-image-1338\" src=\"https:\/\/theslotrize.org\/wp-content\/uploads\/2026\/01\/welcome-crown.png\" alt=\"welcome crown\" width=\"25\" height=\"26\" \/><\/p>\n<\/div>\n<\/div><div class=\"promotions-wrap\"><div class=\"promotion-card\" style=\"background-image: url(https:\/\/theslotrize.org\/wp-content\/uploads\/2026\/01\/First-deposit.webp);\"><h2 class=\"promotion-card__title\">Bonus sul primo deposito<\/h2><label class=\"promotion-card__offer\">100% fino a \u20ac 500 + 150 giri gratuiti<\/label><label class=\"promotion-card__description\"><\/label><div class=\"promotion-card__actions\"><button data-item=\"payments_link\" data-group=\"website_links\" class=\"goto btn btn-orange rounded-pill fw-bold px-4 m-button m-gradient-border m-button--primary m-button--large promotion-button promotion-card__action-btn\" aria-label=\"Iscriviti\"><div class=\"m-button-content\"><span class=\"promotion-button__content\">Iscriviti<\/span><\/div><\/button><button data-item=\"http:\/\/bonus_link\" data-group=\"website_links\" class=\"goto m-button m-gradient-border m-button--secondary m-button--medium promotion-card__info-btn\" aria-label=\"More information\"><div class=\"m-button-content\"><svg viewBox=\"0 0 24 24\" fill=\"none\" xmlns=\"http:\/\/www.w3.org\/2000\/svg\" class=\"m-icon m-icon-loadable\" name=\"Attention\" loading=\"false\" aria-hidden=\"true\"><path d=\"M12 22C6.477 22 2 17.522 2 12S6.477 2 12 2s10 4.478 10 10-4.477 10-10 10m-.002-13.004a.999.999 0 1 0 0-1.997.999.999 0 0 0 0 1.997M12 17a1 1 0 0 0 .993-.884L13 16l-.002-5.001-.007-.117a1 1 0 0 0-1.986 0l-.007.117L11 16l.007.117A1 1 0 0 0 12 17\" fill=\"currentColor\"><\/path><\/svg><\/div><\/button><\/div><\/div><div class=\"promotion-card\" style=\"background-image: url(https:\/\/theslotrize.org\/wp-content\/uploads\/2026\/01\/Second-deposit.webp);\"><h2 class=\"promotion-card__title\">Bonus sul secondo deposito<\/h2><label class=\"promotion-card__offer\">55% fino a \u20ac 500 + 100 giri gratuiti<\/label><label class=\"promotion-card__description\"><\/label><div class=\"promotion-card__actions\"><button data-item=\"payments_link\" data-group=\"website_links\" class=\"goto btn btn-orange rounded-pill fw-bold px-4 m-button m-gradient-border m-button--primary m-button--large promotion-button promotion-card__action-btn\" aria-label=\"Iscriviti\"><div class=\"m-button-content\"><span class=\"promotion-button__content\">Iscriviti<\/span><\/div><\/button><button data-item=\"http:\/\/bonus_link\" data-group=\"website_links\" class=\"goto m-button m-gradient-border m-button--secondary m-button--medium promotion-card__info-btn\" aria-label=\"More information\"><div class=\"m-button-content\"><svg viewBox=\"0 0 24 24\" fill=\"none\" xmlns=\"http:\/\/www.w3.org\/2000\/svg\" class=\"m-icon m-icon-loadable\" name=\"Attention\" loading=\"false\" aria-hidden=\"true\"><path d=\"M12 22C6.477 22 2 17.522 2 12S6.477 2 12 2s10 4.478 10 10-4.477 10-10 10m-.002-13.004a.999.999 0 1 0 0-1.997.999.999 0 0 0 0 1.997M12 17a1 1 0 0 0 .993-.884L13 16l-.002-5.001-.007-.117a1 1 0 0 0-1.986 0l-.007.117L11 16l.007.117A1 1 0 0 0 12 17\" fill=\"currentColor\"><\/path><\/svg><\/div><\/button><\/div><\/div><div class=\"promotion-card\" style=\"background-image: url(https:\/\/theslotrize.org\/wp-content\/uploads\/2026\/01\/Third-deposit.webp);\"><h2 class=\"promotion-card__title\">Bonus sul terzo deposito<\/h2><label class=\"promotion-card__offer\">100% fino a \u20ac 500<\/label><label class=\"promotion-card__description\"><\/label><div class=\"promotion-card__actions\"><button data-item=\"payments_link\" data-group=\"website_links\" class=\"goto btn btn-orange rounded-pill fw-bold px-4 m-button m-gradient-border m-button--primary m-button--large promotion-button promotion-card__action-btn\" aria-label=\"Iscriviti\"><div class=\"m-button-content\"><span class=\"promotion-button__content\">Iscriviti<\/span><\/div><\/button><button data-item=\"http:\/\/bonus_link\" data-group=\"website_links\" class=\"goto m-button m-gradient-border m-button--secondary m-button--medium promotion-card__info-btn\" aria-label=\"More information\"><div class=\"m-button-content\"><svg viewBox=\"0 0 24 24\" fill=\"none\" xmlns=\"http:\/\/www.w3.org\/2000\/svg\" class=\"m-icon m-icon-loadable\" name=\"Attention\" loading=\"false\" aria-hidden=\"true\"><path d=\"M12 22C6.477 22 2 17.522 2 12S6.477 2 12 2s10 4.478 10 10-4.477 10-10 10m-.002-13.004a.999.999 0 1 0 0-1.997.999.999 0 0 0 0 1.997M12 17a1 1 0 0 0 .993-.884L13 16l-.002-5.001-.007-.117a1 1 0 0 0-1.986 0l-.007.117L11 16l.007.117A1 1 0 0 0 12 17\" fill=\"currentColor\"><\/path><\/svg><\/div><\/button><\/div><\/div><div class=\"promotion-card\" style=\"background-image: url(https:\/\/theslotrize.org\/wp-content\/uploads\/2026\/01\/Cashback.webp);\"><h2 class=\"promotion-card__title\">Cashback settimanale<\/h2><label class=\"promotion-card__offer\">fino al 25%<\/label><label class=\"promotion-card__description\"><\/label><div class=\"promotion-card__actions\"><button data-item=\"payments_link\" data-group=\"website_links\" class=\"goto btn btn-orange rounded-pill fw-bold px-4 m-button m-gradient-border m-button--primary m-button--large promotion-button promotion-card__action-btn\" aria-label=\"Iscriviti\"><div class=\"m-button-content\"><span class=\"promotion-button__content\">Iscriviti<\/span><\/div><\/button><button data-item=\"http:\/\/bonus_link\" data-group=\"website_links\" class=\"goto m-button m-gradient-border m-button--secondary m-button--medium promotion-card__info-btn\" aria-label=\"More information\"><div class=\"m-button-content\"><svg viewBox=\"0 0 24 24\" fill=\"none\" xmlns=\"http:\/\/www.w3.org\/2000\/svg\" class=\"m-icon m-icon-loadable\" name=\"Attention\" loading=\"false\" aria-hidden=\"true\"><path d=\"M12 22C6.477 22 2 17.522 2 12S6.477 2 12 2s10 4.478 10 10-4.477 10-10 10m-.002-13.004a.999.999 0 1 0 0-1.997.999.999 0 0 0 0 1.997M12 17a1 1 0 0 0 .993-.884L13 16l-.002-5.001-.007-.117a1 1 0 0 0-1.986 0l-.007.117L11 16l.007.117A1 1 0 0 0 12 17\" fill=\"currentColor\"><\/path><\/svg><\/div><\/button><\/div><\/div><div class=\"promotion-card\" style=\"background-image: url(https:\/\/theslotrize.org\/wp-content\/uploads\/2026\/01\/Sunday-reload.webp);\"><h2 class=\"promotion-card__title\">Ricarica domenicale<\/h2><label class=\"promotion-card__offer\">25% fino a \u20ac 100<\/label><label class=\"promotion-card__description\"><\/label><div class=\"promotion-card__actions\"><button data-item=\"payments_link\" data-group=\"website_links\" class=\"goto btn btn-orange rounded-pill fw-bold px-4 m-button m-gradient-border m-button--primary m-button--large promotion-button promotion-card__action-btn\" aria-label=\"Iscriviti\"><div class=\"m-button-content\"><span class=\"promotion-button__content\">Iscriviti<\/span><\/div><\/button><button data-item=\"http:\/\/bonus_link\" data-group=\"website_links\" class=\"goto m-button m-gradient-border m-button--secondary m-button--medium promotion-card__info-btn\" aria-label=\"More information\"><div class=\"m-button-content\"><svg viewBox=\"0 0 24 24\" fill=\"none\" xmlns=\"http:\/\/www.w3.org\/2000\/svg\" class=\"m-icon m-icon-loadable\" name=\"Attention\" loading=\"false\" aria-hidden=\"true\"><path d=\"M12 22C6.477 22 2 17.522 2 12S6.477 2 12 2s10 4.478 10 10-4.477 10-10 10m-.002-13.004a.999.999 0 1 0 0-1.997.999.999 0 0 0 0 1.997M12 17a1 1 0 0 0 .993-.884L13 16l-.002-5.001-.007-.117a1 1 0 0 0-1.986 0l-.007.117L11 16l.007.117A1 1 0 0 0 12 17\" fill=\"currentColor\"><\/path><\/svg><\/div><\/button><\/div><\/div><div class=\"promotion-card\" style=\"background-image: url(https:\/\/theslotrize.org\/wp-content\/uploads\/2026\/01\/Rakeback.webp);\"><h2 class=\"promotion-card__title\">Rakeback<\/h2><label class=\"promotion-card__offer\">fino al 17%<\/label><label class=\"promotion-card__description\"><\/label><div class=\"promotion-card__actions\"><button data-item=\"payments_link\" data-group=\"website_links\" class=\"goto btn btn-orange rounded-pill fw-bold px-4 m-button m-gradient-border m-button--primary m-button--large promotion-button promotion-card__action-btn\" aria-label=\"Iscriviti\"><div class=\"m-button-content\"><span class=\"promotion-button__content\">Iscriviti<\/span><\/div><\/button><button data-item=\"http:\/\/bonus_link\" data-group=\"website_links\" class=\"goto m-button m-gradient-border m-button--secondary m-button--medium promotion-card__info-btn\" aria-label=\"More information\"><div class=\"m-button-content\"><svg viewBox=\"0 0 24 24\" fill=\"none\" xmlns=\"http:\/\/www.w3.org\/2000\/svg\" class=\"m-icon m-icon-loadable\" name=\"Attention\" loading=\"false\" aria-hidden=\"true\"><path d=\"M12 22C6.477 22 2 17.522 2 12S6.477 2 12 2s10 4.478 10 10-4.477 10-10 10m-.002-13.004a.999.999 0 1 0 0-1.997.999.999 0 0 0 0 1.997M12 17a1 1 0 0 0 .993-.884L13 16l-.002-5.001-.007-.117a1 1 0 0 0-1.986 0l-.007.117L11 16l.007.117A1 1 0 0 0 12 17\" fill=\"currentColor\"><\/path><\/svg><\/div><\/button><\/div><\/div><div class=\"promotion-card\" style=\"background-image: url(https:\/\/theslotrize.org\/wp-content\/uploads\/2026\/01\/Highroller.webp);\"><h2 class=\"promotion-card__title\">Bonus Highroller<\/h2><label class=\"promotion-card__offer\">50% fino a \u20ac 500<\/label><label class=\"promotion-card__description\"><\/label><div class=\"promotion-card__actions\"><button data-item=\"payments_link\" data-group=\"website_links\" class=\"goto btn btn-orange rounded-pill fw-bold px-4 m-button m-gradient-border m-button--primary m-button--large promotion-button promotion-card__action-btn\" aria-label=\"Iscriviti\"><div class=\"m-button-content\"><span class=\"promotion-button__content\">Iscriviti<\/span><\/div><\/button><button data-item=\"http:\/\/bonus_link\" data-group=\"website_links\" class=\"goto m-button m-gradient-border m-button--secondary m-button--medium promotion-card__info-btn\" aria-label=\"More information\"><div class=\"m-button-content\"><svg viewBox=\"0 0 24 24\" fill=\"none\" xmlns=\"http:\/\/www.w3.org\/2000\/svg\" class=\"m-icon m-icon-loadable\" name=\"Attention\" loading=\"false\" aria-hidden=\"true\"><path d=\"M12 22C6.477 22 2 17.522 2 12S6.477 2 12 2s10 4.478 10 10-4.477 10-10 10m-.002-13.004a.999.999 0 1 0 0-1.997.999.999 0 0 0 0 1.997M12 17a1 1 0 0 0 .993-.884L13 16l-.002-5.001-.007-.117a1 1 0 0 0-1.986 0l-.007.117L11 16l.007.117A1 1 0 0 0 12 17\" fill=\"currentColor\"><\/path><\/svg><\/div><\/button><\/div><\/div><\/div><div class=\"scrollable-content-wrap my-5\"><div class=\"scrollable-content-inner\"><h2>Promozione e Tipo di Bonus Slotrize<\/h2>\n<p>Slotrize offre una variet\u00e0 di promozioni adatte a diversi livelli di giocatori e budget. Le ricompense includono giri gratuiti, fondi bonus e rimborsi sulle perdite.<\/p>\n<p>I giocatori di ritorno hanno accesso a diverse offerte in corso, dal cashback ai vantaggi per il gioco ad alto volume.<\/p>\n<table>\n<tbody>\n<tr>\n<td>Tipo di bonus<\/td>\n<td>Ricompensa<\/td>\n<td>Dettagli<\/td>\n<\/tr>\n<tr>\n<td>Cashback<\/td>\n<td>fino al 25%<\/td>\n<td>Una percentuale delle perdite settimanali restituita senza condizioni complicate.<\/td>\n<\/tr>\n<tr>\n<td>Rakeback<\/td>\n<td>fino al 17%<\/td>\n<td>Disponibile su giochi selezionati. Pu\u00f2 essere giornaliero, settimanale o mensile, a seconda del livello del giocatore.<\/td>\n<\/tr>\n<tr>\n<td>Offerta Highroller<\/td>\n<td>50% fino a 500 \u20ac<\/td>\n<td>Progettata per i giocatori che preferiscono scommesse pi\u00f9 grandi e puntate pi\u00f9 alte.<\/td>\n<\/tr>\n<tr>\n<td>Ricarica Domenicale<\/td>\n<td>25% fino a 100 \u20ac<\/td>\n<td>Un bonus settimanale per recuperare parte delle perdite della settimana precedente.<\/td>\n<\/tr>\n<\/tbody>\n<\/table>\n<h2>Bonus di Benvenuto Slotrize Casino<\/h2>\n<p>I nuovi utenti che si registrano e depositano almeno 20 \u20ac sono idonei per un pacchetto di benvenuto del valore fino a 1.500 \u20ac pi\u00f9 250 giri gratuiti. Il bonus \u00e8 suddiviso sui primi tre depositi e non \u00e8 necessario alcun codice promozionale.<\/p>\n<p>Il primo deposito viene abbinato al 100% fino a 500 \u20ac e include 150 giri gratuiti. Il secondo deposito offre un abbinamento del 55% fino a 500 \u20ac insieme a 100 giri gratuiti, che vengono assegnati in lotti di 50 al giorno. Il terzo deposito aggiunge altri 500 \u20ac.<\/p>\n<p>Una volta attivato, il bonus di benvenuto rimane valido per 7 giorni. Per prelevare le vincite del bonus, l&#8217;importo del bonus deve essere scommesso 35 volte.<\/p>\n<h2>Tornei Slotrize<\/h2>\n<p>Slotrize organizza tornei regolari rivolti ai giocatori che amano la competizione. I partecipanti guadagnano punti giocando ai giochi idonei, con i migliori performer che appaiono nella classifica. La maggior parte dei tornei si basa su slot o giochi da casin\u00f2 dal vivo.<\/p>\n<p>I tornei attuali includono:<\/p>\n<ul>\n<li>Spinoleague \u2014 12.000.000 \u20ac<\/li>\n<li>Drops &amp; Wins \u2014 25.000.000 \u20ac<\/li>\n<li>BGaming Drops Frenzy \u2014 660.000 \u20ac+<\/li>\n<li>Torneo dal Vivo \u2014 10.000 \u20ac<\/li>\n<\/ul>\n<p>Controlla la pagina delle promozioni per aggiornamenti sui requisiti di idoneit\u00e0 e sui giochi qualificanti.<\/p>\n<h2>Termini e Condizioni dei Bonus Slotrize<\/h2>\n<p>Ogni bonus Slotrize viene fornito con termini specifici. Vale la pena esaminarli prima di richiedere qualsiasi offerta. Le promozioni sono generalmente valide da 7 a 14 giorni. Se le condizioni non vengono soddisfatte entro tale periodo, il bonus viene annullato.<\/p>\n<p>I requisiti comuni includono soglie di scommessa, limiti di puntata massima e regole di contribuzione dei giochi. \u00c8 richiesto anche un deposito minimo per attivare la maggior parte delle offerte e l&#8217;importo pu\u00f2 variare a seconda della promozione.<\/p>\n<h2>FAQ<\/h2>\n<h3>Come Ottenere il Pacchetto di Benvenuto presso Slot Rize Casino?<\/h3>\n<p>Il pacchetto di benvenuto viene applicato automaticamente dopo aver creato un account e effettuato il primo deposito. Non \u00e8 richiesto alcun codice promozionale.<\/p>\n<h3>Cosa Devo Fare se il Mio Bonus Non Appare Dopo Aver Effettuato un Deposito?<\/h3>\n<p>Innanzitutto, verifica se tutti i requisiti del bonus sono stati soddisfatti. Se tutto sembra corretto e il bonus non \u00e8 ancora apparso, contatta il team di assistenza tramite chat dal vivo o e-mail per ricevere assistenza.<\/p>\n<h3>Ci Sono Restrizioni sull&#8217;Uso dei Bonus per Tutti i Giochi presso Slot Rize?<\/h3>\n<p>Ogni promozione ha i propri termini, incluse le regole di contribuzione dei giochi. Ad esempio, le slot generalmente contribuiscono al 100% ai requisiti di scommessa, mentre i giochi da tavolo possono contribuire meno o per niente.<\/p>\n<\/div><\/div><\/p>\n","protected":false},"excerpt":{"rendered":"<p>Offerte Bonus Slotrize Il sistema di bonus Slotrize offre a tutti i giocatori molteplici opportunit\u00e0 di aumentare le proprie possibilit\u00e0 di vincita. I nuovi utenti che effettuano un deposito possono ricevere un pacchetto di benvenuto del valore fino a 1.500 \u20ac insieme a 250 giri gratuiti. Non sono necessari codici bonus \u2014 l&#8217;offerta viene applicata [&hellip;]<\/p>\n","protected":false},"author":9,"featured_media":0,"parent":0,"menu_order":0,"comment_status":"closed","ping_status":"closed","template":"template-builder.php","meta":{"_acf_changed":false,"inline_featured_image":false,"footnotes":""},"class_list":["post-1430","page","type-page","status-publish","hentry"],"acf":[],"yoast_head":"<!-- This site is optimized with the Yoast SEO plugin v24.4 - https:\/\/yoast.com\/wordpress\/plugins\/seo\/ -->\n<title>Slotrize Bonus - Offerte promozionali esclusive<\/title>\n<meta name=\"description\" content=\"Scopri le opportunit\u00e0 bonus offerte da Slotrize Casino, tra cui bonus di benvenuto, incentivi sui depositi, promozioni continue ed emozionanti tornei. Trova qui tutte le condizioni dei bonus e le istruzioni per richiederli.\" \/>\n<meta name=\"robots\" content=\"index, follow, max-snippet:-1, max-image-preview:large, max-video-preview:-1\" \/>\n<link rel=\"canonical\" href=\"https:\/\/theslotrize.org\/it\/bonus\/\" \/>\n<meta property=\"og:locale\" content=\"it_IT\" \/>\n<meta property=\"og:type\" content=\"article\" \/>\n<meta property=\"og:title\" content=\"Slotrize Bonus - Offerte promozionali esclusive\" \/>\n<meta property=\"og:description\" content=\"Scopri le opportunit\u00e0 bonus offerte da Slotrize Casino, tra cui bonus di benvenuto, incentivi sui depositi, promozioni continue ed emozionanti tornei. Trova qui tutte le condizioni dei bonus e le istruzioni per richiederli.\" \/>\n<meta property=\"og:url\" content=\"https:\/\/theslotrize.org\/it\/bonus\/\" \/>\n<meta property=\"og:site_name\" content=\"slotrize\" \/>\n<meta property=\"article:modified_time\" content=\"2026-01-22T14:13:36+00:00\" \/>\n<meta name=\"twitter:card\" content=\"summary_large_image\" \/>\n<meta name=\"twitter:label1\" content=\"Est. reading time\" \/>\n\t<meta name=\"twitter:data1\" content=\"1 minuto\" \/>\n<script type=\"application\/ld+json\" class=\"yoast-schema-graph\">{\"@context\":\"https:\/\/schema.org\",\"@graph\":[{\"@type\":\"WebPage\",\"@id\":\"https:\/\/theslotrize.org\/it\/bonus\/\",\"url\":\"https:\/\/theslotrize.org\/it\/bonus\/\",\"name\":\"Slotrize Bonus - Offerte promozionali esclusive\",\"isPartOf\":{\"@id\":\"https:\/\/theslotrize.org\/it\/#website\"},\"datePublished\":\"2026-01-22T11:41:03+00:00\",\"dateModified\":\"2026-01-22T14:13:36+00:00\",\"description\":\"Scopri le opportunit\u00e0 bonus offerte da Slotrize Casino, tra cui bonus di benvenuto, incentivi sui depositi, promozioni continue ed emozionanti tornei. Trova qui tutte le condizioni dei bonus e le istruzioni per richiederli.\",\"breadcrumb\":{\"@id\":\"https:\/\/theslotrize.org\/it\/bonus\/#breadcrumb\"},\"inLanguage\":\"it-IT\",\"potentialAction\":[{\"@type\":\"ReadAction\",\"target\":[\"https:\/\/theslotrize.org\/it\/bonus\/\"]}]},{\"@type\":\"BreadcrumbList\",\"@id\":\"https:\/\/theslotrize.org\/it\/bonus\/#breadcrumb\",\"itemListElement\":[{\"@type\":\"ListItem\",\"position\":1,\"name\":\"Slotrize\",\"item\":\"https:\/\/theslotrize.org\/it\/\"},{\"@type\":\"ListItem\",\"position\":2,\"name\":\"Bonus\"}]},{\"@type\":\"WebSite\",\"@id\":\"https:\/\/theslotrize.org\/it\/#website\",\"url\":\"https:\/\/theslotrize.org\/it\/\",\"name\":\"Slotrize\",\"description\":\"\",\"publisher\":{\"@id\":\"https:\/\/theslotrize.org\/it\/#organization\"},\"potentialAction\":[{\"@type\":\"SearchAction\",\"target\":{\"@type\":\"EntryPoint\",\"urlTemplate\":\"https:\/\/theslotrize.org\/it\/?s={search_term_string}\"},\"query-input\":{\"@type\":\"PropertyValueSpecification\",\"valueRequired\":true,\"valueName\":\"search_term_string\"}}],\"inLanguage\":\"it-IT\"},{\"@type\":\"Organization\",\"@id\":\"https:\/\/theslotrize.org\/it\/#organization\",\"name\":\"Slotrize\",\"url\":\"https:\/\/theslotrize.org\/it\/\",\"logo\":{\"@type\":\"ImageObject\",\"inLanguage\":\"it-IT\",\"@id\":\"https:\/\/theslotrize.org\/it\/#\/schema\/logo\/image\/\",\"url\":\"https:\/\/theslotrize.org\/wp-content\/uploads\/2026\/01\/Slotrize-logo.png\",\"contentUrl\":\"https:\/\/theslotrize.org\/wp-content\/uploads\/2026\/01\/Slotrize-logo.png\",\"width\":54,\"height\":27,\"caption\":\"Slotrize\"},\"image\":{\"@id\":\"https:\/\/theslotrize.org\/it\/#\/schema\/logo\/image\/\"}}]}<\/script>\n<!-- \/ Yoast SEO plugin. -->","yoast_head_json":{"title":"Slotrize Bonus - Offerte promozionali esclusive","description":"Scopri le opportunit\u00e0 bonus offerte da Slotrize Casino, tra cui bonus di benvenuto, incentivi sui depositi, promozioni continue ed emozionanti tornei. Trova qui tutte le condizioni dei bonus e le istruzioni per richiederli.","robots":{"index":"index","follow":"follow","max-snippet":"max-snippet:-1","max-image-preview":"max-image-preview:large","max-video-preview":"max-video-preview:-1"},"canonical":"https:\/\/theslotrize.org\/it\/bonus\/","og_locale":"it_IT","og_type":"article","og_title":"Slotrize Bonus - Offerte promozionali esclusive","og_description":"Scopri le opportunit\u00e0 bonus offerte da Slotrize Casino, tra cui bonus di benvenuto, incentivi sui depositi, promozioni continue ed emozionanti tornei. Trova qui tutte le condizioni dei bonus e le istruzioni per richiederli.","og_url":"https:\/\/theslotrize.org\/it\/bonus\/","og_site_name":"slotrize","article_modified_time":"2026-01-22T14:13:36+00:00","twitter_card":"summary_large_image","twitter_misc":{"Est. reading time":"1 minuto"},"schema":{"@context":"https:\/\/schema.org","@graph":[{"@type":"WebPage","@id":"https:\/\/theslotrize.org\/it\/bonus\/","url":"https:\/\/theslotrize.org\/it\/bonus\/","name":"Slotrize Bonus - Offerte promozionali esclusive","isPartOf":{"@id":"https:\/\/theslotrize.org\/it\/#website"},"datePublished":"2026-01-22T11:41:03+00:00","dateModified":"2026-01-22T14:13:36+00:00","description":"Scopri le opportunit\u00e0 bonus offerte da Slotrize Casino, tra cui bonus di benvenuto, incentivi sui depositi, promozioni continue ed emozionanti tornei. Trova qui tutte le condizioni dei bonus e le istruzioni per richiederli.","breadcrumb":{"@id":"https:\/\/theslotrize.org\/it\/bonus\/#breadcrumb"},"inLanguage":"it-IT","potentialAction":[{"@type":"ReadAction","target":["https:\/\/theslotrize.org\/it\/bonus\/"]}]},{"@type":"BreadcrumbList","@id":"https:\/\/theslotrize.org\/it\/bonus\/#breadcrumb","itemListElement":[{"@type":"ListItem","position":1,"name":"Slotrize","item":"https:\/\/theslotrize.org\/it\/"},{"@type":"ListItem","position":2,"name":"Bonus"}]},{"@type":"WebSite","@id":"https:\/\/theslotrize.org\/it\/#website","url":"https:\/\/theslotrize.org\/it\/","name":"Slotrize","description":"","publisher":{"@id":"https:\/\/theslotrize.org\/it\/#organization"},"potentialAction":[{"@type":"SearchAction","target":{"@type":"EntryPoint","urlTemplate":"https:\/\/theslotrize.org\/it\/?s={search_term_string}"},"query-input":{"@type":"PropertyValueSpecification","valueRequired":true,"valueName":"search_term_string"}}],"inLanguage":"it-IT"},{"@type":"Organization","@id":"https:\/\/theslotrize.org\/it\/#organization","name":"Slotrize","url":"https:\/\/theslotrize.org\/it\/","logo":{"@type":"ImageObject","inLanguage":"it-IT","@id":"https:\/\/theslotrize.org\/it\/#\/schema\/logo\/image\/","url":"https:\/\/theslotrize.org\/wp-content\/uploads\/2026\/01\/Slotrize-logo.png","contentUrl":"https:\/\/theslotrize.org\/wp-content\/uploads\/2026\/01\/Slotrize-logo.png","width":54,"height":27,"caption":"Slotrize"},"image":{"@id":"https:\/\/theslotrize.org\/it\/#\/schema\/logo\/image\/"}}]}},"_links":{"self":[{"href":"https:\/\/theslotrize.org\/it\/wp-json\/wp\/v2\/pages\/1430"}],"collection":[{"href":"https:\/\/theslotrize.org\/it\/wp-json\/wp\/v2\/pages"}],"about":[{"href":"https:\/\/theslotrize.org\/it\/wp-json\/wp\/v2\/types\/page"}],"author":[{"embeddable":true,"href":"https:\/\/theslotrize.org\/it\/wp-json\/wp\/v2\/users\/9"}],"replies":[{"embeddable":true,"href":"https:\/\/theslotrize.org\/it\/wp-json\/wp\/v2\/comments?post=1430"}],"version-history":[{"count":2,"href":"https:\/\/theslotrize.org\/it\/wp-json\/wp\/v2\/pages\/1430\/revisions"}],"predecessor-version":[{"id":1715,"href":"https:\/\/theslotrize.org\/it\/wp-json\/wp\/v2\/pages\/1430\/revisions\/1715"}],"wp:attachment":[{"href":"https:\/\/theslotrize.org\/it\/wp-json\/wp\/v2\/media?parent=1430"}],"curies":[{"name":"wp","href":"https:\/\/api.w.org\/{rel}","templated":true}]}}