{"id":1420,"date":"2026-01-22T11:17:22","date_gmt":"2026-01-22T11:17:22","guid":{"rendered":"https:\/\/theslotrize.org\/app\/"},"modified":"2026-01-22T14:26:43","modified_gmt":"2026-01-22T14:26:43","slug":"aplikacja","status":"publish","type":"page","link":"https:\/\/theslotrize.org\/pl\/aplikacja\/","title":{"rendered":"Aplikacja"},"content":{"rendered":"<h1>Aplikacja Slotrize<\/h1>\n<p>Aplikacja Slotrize umo\u017cliwia graczom dost\u0119p do gier na smartfonach i tabletach. Obs\u0142ugiwane s\u0105 zar\u00f3wno urz\u0105dzenia z systemem Android, jak i iOS. Dost\u0119pna jest r\u00f3wnie\u017c wersja przegl\u0105darkowa dla tych, kt\u00f3rzy wol\u0105 niczego nie instalowa\u0107. Logowanie na to samo konto na wielu urz\u0105dzeniach utrzymuje post\u0119py i osi\u0105gni\u0119cia zsynchronizowane.<\/p>\n<div class=\"banner-wrap\" aria-label=\"Banner\"><img src=\"https:\/\/theslotrize.org\/wp-content\/uploads\/2026\/01\/Desktop-banner-scaled.webp\" class=\"w-100 d-none d-lg-block img-pc main-banner-img\" alt=\"Slotrize Desktop banner\" fetchpriority=\"high\" decoding=\"async\"><img src=\"https:\/\/theslotrize.org\/wp-content\/uploads\/2026\/01\/Mobile-banner.webp\" class=\"w-100 d-none d-md-block d-lg-none main-banner-img\" alt=\"Slotrize Mobile banner\" fetchpriority=\"high\" decoding=\"async\"><img src=\"https:\/\/theslotrize.org\/wp-content\/uploads\/2026\/01\/Mobile-banner.webp\" class=\"w-100 d-md-none\" alt=\"Slotrize Mobile banner\" fetchpriority=\"high\" decoding=\"async\"><div class=\"banner-description\">\n<div class=\"banner-title\">Bonusy powitalne<\/div>\n<p class=\"banner-header-title\">1500 \u20ac<\/p>\n<div class=\"banner-header-AdditionalText\">+ 250 Darmowe spiny<\/div>\n<button data-item=\"homepage_banner_link\" class=\"goto m-button m-gradient-border m-button--primary m-button--large banner-button btn-orange\">\n            <div class=\"m-button-content\">\n                <span>Zarejestruj si\u0119 teraz<\/span>\n                <span><\/span>\n            <\/div>\n        <\/button>\n<\/div>\n<div class=\"WelcomePack\">\n<p><img loading=\"lazy\" decoding=\"async\" class=\"alignnone size-full wp-image-1338\" src=\"https:\/\/theslotrize.org\/wp-content\/uploads\/2026\/01\/welcome-crown.png\" alt=\"welcome crown\" width=\"25\" height=\"26\" \/><\/p>\n<div class=\"WelcomePack-Info\">Cotygodniowy zwrot got\u00f3wki do 25%<\/div>\n<p><img loading=\"lazy\" decoding=\"async\" class=\"alignnone size-full wp-image-1338\" src=\"https:\/\/theslotrize.org\/wp-content\/uploads\/2026\/01\/welcome-crown.png\" alt=\"welcome crown\" width=\"25\" height=\"26\" \/><\/p>\n<\/div>\n<\/div>\n<h2>Gry Mobilne Slotrize<\/h2>\n<p>Slotrize dzia\u0142a p\u0142ynnie na wszystkich urz\u0105dzeniach. Gracze mog\u0105 rozpocz\u0105\u0107 sesj\u0119 na komputerze stacjonarnym i kontynuowa\u0107 na telefonie bez utraty post\u0119p\u00f3w. Gra mobilna sta\u0142a si\u0119 preferowan\u0105 opcj\u0105 dla wielu \u2014 oko\u0142o 80% u\u017cytkownik\u00f3w uzyskuje dost\u0119p do platformy ze swoich telefon\u00f3w lub tablet\u00f3w.<\/p>\n<p>Otrzymujesz to samo do\u015bwiadczenie, niezale\u017cnie od tego, czy korzystasz z wersji przegl\u0105darki mobilnej, czy aplikacji. Dost\u0119pna jest pe\u0142na biblioteka gier wraz ze wszystkimi podstawowymi funkcjami: rejestracj\u0105, logowaniem, wp\u0142atami, wyp\u0142atami i weryfikacj\u0105 konta.<\/p>\n<p>Je\u015bli pojawi\u0105 si\u0119 jakiekolwiek problemy podczas korzystania z wersji mobilnej, mo\u017cna skontaktowa\u0107 si\u0119 z pomoc\u0105 techniczn\u0105 za po\u015brednictwem czatu na \u017cywo wbudowanego w aplikacj\u0119.<\/p>\n<p><div class=\"scrollable-content-wrap my-5\"><div class=\"scrollable-content-inner\"><h2>Aplikacja Slotrize na Androida<\/h2>\n<p>U\u017cytkownicy Androida mog\u0105 uzyska\u0107 dost\u0119p do Slotrize za po\u015brednictwem przegl\u0105darki mobilnej, takiej jak Google Chrome. Witryna automatycznie dostosowuje si\u0119 do r\u00f3\u017cnych rozmiar\u00f3w ekranu.<\/p>\n<p>Alternatywnie dost\u0119pna jest dedykowana aplikacja. To progresywna aplikacja internetowa, wi\u0119c nie ma potrzeby pobierania plik\u00f3w APK z zewn\u0119trznych \u017ar\u00f3de\u0142. Aplikacja wykorzystuje minimaln\u0105 przestrze\u0144 dyskow\u0105, g\u0142\u00f3wnie na dane w pami\u0119ci podr\u0119cznej.<\/p>\n<p>Aby zainstalowa\u0107 aplikacj\u0119 Slotrize na Androidzie, wykonaj nast\u0119puj\u0105ce kroki:<\/p>\n<table>\n<tbody>\n<tr>\n<td>Krok<\/td>\n<td>Szczeg\u00f3\u0142y<\/td>\n<\/tr>\n<tr>\n<td>1<\/td>\n<td>Otw\u00f3rz stron\u0119 internetow\u0105 Slotrize w swojej przegl\u0105darce mobilnej.<\/td>\n<\/tr>\n<tr>\n<td>2<\/td>\n<td>Przewi\u0144 w d\u00f3\u0142 i dotknij \u201eAplikacja Kasyna&#8221; w stopce.<\/td>\n<\/tr>\n<tr>\n<td>3<\/td>\n<td>Dotknij przycisku \u201eInstaluj&#8221; na \u015brodku ekranu.<\/td>\n<\/tr>\n<tr>\n<td>4<\/td>\n<td>Po zako\u0144czeniu instalacji ikona aplikacji pojawi si\u0119 na ekranie g\u0142\u00f3wnym.<\/td>\n<\/tr>\n<\/tbody>\n<\/table>\n<p><img loading=\"lazy\" decoding=\"async\" src=\"https:\/\/theslotrize.org\/wp-content\/uploads\/2026\/01\/Slotrize-Android.webp\" alt=\"Slotrize Android\" width=\"1248\" height=\"536\" \/><\/p>\n<\/div><\/div><div style=\"clear: both\"><\/div><div class=\"d-flex justify-content-center\"><button data-item=\"decouvrez_link\" data-group=\"website_links\" class=\"goto fw-bold rounded-pill btn btn-orange\" aria-label=\"Pobierz aplikacj\u0119 Slotrize\" >Pobierz aplikacj\u0119 Slotrize<\/button><\/div><div class=\"scrollable-content-wrap my-5\"><div class=\"scrollable-content-inner\"><h2>Aplikacja Mobilna na iOS<\/h2>\n<p>U\u017cytkownicy iPhone&#8217;a i iPada mog\u0105 uzyska\u0107 dost\u0119p do Slotrize za po\u015brednictwem przegl\u0105darki mobilnej lub instaluj\u0105c aplikacj\u0119. Poniewa\u017c App Store ma ograniczenia dotycz\u0105ce aplikacji hazardowych, instalacja odbywa si\u0119 bezpo\u015brednio przez stron\u0119 internetow\u0105, a nie przez sklep.<\/p>\n<p>Inn\u0105 opcj\u0105 jest dodanie ikony skr\u00f3tu do ekranu g\u0142\u00f3wnego w celu szybkiego dost\u0119pu. Wersja przegl\u0105darki mobilnej zawiera pe\u0142n\u0105 bibliotek\u0119 gier \u2014 ponad 6000 tytu\u0142\u00f3w obejmuj\u0105cych sloty, gry sto\u0142owe, kasyno na \u017cywo i crash games.<\/p>\n<p>Aby doda\u0107 ikon\u0119 skr\u00f3tu na iOS, wykonaj nast\u0119puj\u0105ce kroki:<\/p>\n<table>\n<tbody>\n<tr>\n<td>Krok<\/td>\n<td>Szczeg\u00f3\u0142y<\/td>\n<\/tr>\n<tr>\n<td>1<\/td>\n<td>Otw\u00f3rz stron\u0119 internetow\u0105 Slotrize w preferowanej przegl\u0105darce.<\/td>\n<\/tr>\n<tr>\n<td>2<\/td>\n<td>Dotknij przycisku \u201eUdost\u0119pnij&#8221; na pasku adresu (nazwa r\u00f3\u017cni si\u0119 w zale\u017cno\u015bci od przegl\u0105darki).<\/td>\n<\/tr>\n<tr>\n<td>3<\/td>\n<td>Wybierz \u201eDodaj do ekranu g\u0142\u00f3wnego&#8221; z listy.<\/td>\n<\/tr>\n<tr>\n<td>4<\/td>\n<td>W razie potrzeby dostosuj nazw\u0119 ikony.<\/td>\n<\/tr>\n<tr>\n<td>5<\/td>\n<td>Dotknij \u201eDodaj&#8221;, aby potwierdzi\u0107 i utworzy\u0107 skr\u00f3t.<\/td>\n<\/tr>\n<\/tbody>\n<\/table>\n<p><img loading=\"lazy\" decoding=\"async\" src=\"https:\/\/theslotrize.org\/wp-content\/uploads\/2026\/01\/Slotrize-iOS.webp\" alt=\"Slotrize iOS\" width=\"1248\" height=\"536\" \/><\/p>\n<\/div><\/div><div style=\"clear: both\"><\/div><div class=\"d-flex justify-content-center\"><button data-item=\"decouvrez_link\" data-group=\"website_links\" class=\"goto fw-bold rounded-pill btn btn-orange\" aria-label=\"Pobierz Slotrize\" >Pobierz Slotrize<\/button><\/div><div class=\"scrollable-content-wrap my-5\"><div class=\"scrollable-content-inner\"><h2>Aplikacja Desktopowa Slotrize Casino dla Windows\/macOS<\/h2>\n<p>Slotrize dzia\u0142a r\u00f3wnie\u017c na komputerach stacjonarnych i laptopach. Gra na wi\u0119kszym ekranie mo\u017ce poprawi\u0107 og\u00f3lne wra\u017cenia. Post\u0119py i ustawienia konta pozostaj\u0105 zsynchronizowane na wszystkich urz\u0105dzeniach, wi\u0119c prze\u0142\u0105czanie mi\u0119dzy telefonem a komputerem nie stanowi problemu.<\/p>\n<p>Przy stabilnym po\u0142\u0105czeniu internetowym rozgrywka przebiega p\u0142ynnie, a strony \u0142aduj\u0105 si\u0119 szybko. Istniej\u0105 dwa g\u0142\u00f3wne sposoby korzystania z Slotrize na komputerze:<\/p>\n<ul>\n<li>Wersja Przegl\u0105darkowa \u2014 Witryn\u0119 mo\u017cna otworzy\u0107 w dowolnej przegl\u0105darce, takiej jak Chrome lub Safari. Nie s\u0105 potrzebne \u017cadne pobierania ani instalacje.<\/li>\n<li>Ikona Skr\u00f3tu \u2014 Dla szybszego dost\u0119pu mo\u017cna doda\u0107 skr\u00f3t na pulpicie. Pomija to krok otwierania przegl\u0105darki i r\u0119cznego nawigowania do witryny. Skr\u00f3t nie zajmuje miejsca na dysku.<\/li>\n<\/ul>\n<p><img loading=\"lazy\" decoding=\"async\" src=\"https:\/\/theslotrize.org\/wp-content\/uploads\/2026\/01\/Slotrize-Desktop.webp\" alt=\"Slotrize Desktop\" width=\"1248\" height=\"536\" \/><\/p>\n<\/div><\/div><div style=\"clear: both\"><\/div><div class=\"d-flex justify-content-center\"><button data-item=\"decouvrez_link\" data-group=\"website_links\" class=\"goto fw-bold rounded-pill btn btn-orange\" aria-label=\"Pobierz aplikacj\u0119 Slotrize\" >Pobierz aplikacj\u0119 Slotrize<\/button><\/div><div class=\"scrollable-content-wrap my-5\"><div class=\"scrollable-content-inner\"><h2>FAQ<\/h2>\n<h3>Jak Skontaktowa\u0107 si\u0119 z Pomoc\u0105 Techniczn\u0105 w Aplikacji?<\/h3>\n<p>Aplikacja mobilna na Androida i iOS zawiera wbudowany czat na \u017cywo do kontaktu z zespo\u0142em wsparcia w dowolnym momencie. E-mail jest r\u00f3wnie\u017c dost\u0119pny w przypadku bardziej szczeg\u00f3\u0142owych zapyta\u0144.<\/p>\n<h3>Czy Potrzebuj\u0119 Konta, aby Korzysta\u0107 z Aplikacji Slot Rize?<\/h3>\n<p>Utworzenie konta jest konieczne, aby uzyska\u0107 dost\u0119p do wszystkich funkcji i gier. Niekt\u00f3re tytu\u0142y mo\u017cna gra\u0107 w trybie demo przy u\u017cyciu wirtualnych monet, chocia\u017c wygrane z gry demo nie mog\u0105 by\u0107 wyp\u0142acone.<\/p>\n<h3>Czy Wszystkie Gry S\u0105 Dost\u0119pne w Aplikacji?<\/h3>\n<p>Tak, pe\u0142na biblioteka ponad 6000 gier jest dost\u0119pna przez aplikacj\u0119. Obejmuje to sloty, gry sto\u0142owe, opcje krupiera na \u017cywo i crash games. Wszystkie tytu\u0142y s\u0105 zoptymalizowane pod k\u0105tem nowoczesnych urz\u0105dze\u0144 mobilnych.<\/p>\n<h3>Jak Mog\u0119 Zaktualizowa\u0107 Aplikacj\u0119 Slot Rize Casino?<\/h3>\n<p>Aplikacja Slotrize to progresywna aplikacja internetowa, wi\u0119c aktualizuje si\u0119 automatycznie. Nie jest potrzebne \u017cadne dzia\u0142anie r\u0119czne.<\/p>\n<\/div><\/div><\/p>\n","protected":false},"excerpt":{"rendered":"<p>Aplikacja Slotrize Aplikacja Slotrize umo\u017cliwia graczom dost\u0119p do gier na smartfonach i tabletach. Obs\u0142ugiwane s\u0105 zar\u00f3wno urz\u0105dzenia z systemem Android, jak i iOS. Dost\u0119pna jest r\u00f3wnie\u017c wersja przegl\u0105darkowa dla tych, kt\u00f3rzy wol\u0105 niczego nie instalowa\u0107. Logowanie na to samo konto na wielu urz\u0105dzeniach utrzymuje post\u0119py i osi\u0105gni\u0119cia zsynchronizowane. Gry Mobilne Slotrize Slotrize dzia\u0142a p\u0142ynnie na [&hellip;]<\/p>\n","protected":false},"author":9,"featured_media":0,"parent":0,"menu_order":0,"comment_status":"closed","ping_status":"closed","template":"template-builder.php","meta":{"_acf_changed":false,"inline_featured_image":false,"footnotes":""},"class_list":["post-1420","page","type-page","status-publish","hentry"],"acf":[],"yoast_head":"<!-- This site is optimized with the Yoast SEO plugin v24.4 - https:\/\/yoast.com\/wordpress\/plugins\/seo\/ -->\n<title>Slotrize Aplikacja dla system\u00f3w operacyjnych urz\u0105dze\u0144 mobilnych | Pobierz \u2013 iOS, Android<\/title>\n<meta name=\"description\" content=\"Zainstaluj aplikacj\u0119 Slotrize Slots na iOS, Androidzie, Windowsie i macOS, \u017ceby gra\u0107 w ponad 6000 gier kasynowych gdziekolwiek jeste\u015b. P\u0142ynne dzia\u0142anie, synchronizacja konta i wsparcie 24\/7 \u2013 wszystko w Slotrize.\" \/>\n<meta name=\"robots\" content=\"index, follow, max-snippet:-1, max-image-preview:large, max-video-preview:-1\" \/>\n<link rel=\"canonical\" href=\"https:\/\/theslotrize.org\/pl\/aplikacja\/\" \/>\n<meta property=\"og:locale\" content=\"pl_PL\" \/>\n<meta property=\"og:type\" content=\"article\" \/>\n<meta property=\"og:title\" content=\"Slotrize Aplikacja dla system\u00f3w operacyjnych urz\u0105dze\u0144 mobilnych | Pobierz \u2013 iOS, Android\" \/>\n<meta property=\"og:description\" content=\"Zainstaluj aplikacj\u0119 Slotrize Slots na iOS, Androidzie, Windowsie i macOS, \u017ceby gra\u0107 w ponad 6000 gier kasynowych gdziekolwiek jeste\u015b. P\u0142ynne dzia\u0142anie, synchronizacja konta i wsparcie 24\/7 \u2013 wszystko w Slotrize.\" \/>\n<meta property=\"og:url\" content=\"https:\/\/theslotrize.org\/pl\/aplikacja\/\" \/>\n<meta property=\"og:site_name\" content=\"slotrize\" \/>\n<meta property=\"article:modified_time\" content=\"2026-01-22T14:26:43+00:00\" \/>\n<meta name=\"twitter:card\" content=\"summary_large_image\" \/>\n<meta name=\"twitter:label1\" content=\"Est. reading time\" \/>\n\t<meta name=\"twitter:data1\" content=\"1 minuta\" \/>\n<script type=\"application\/ld+json\" class=\"yoast-schema-graph\">{\"@context\":\"https:\/\/schema.org\",\"@graph\":[{\"@type\":\"WebPage\",\"@id\":\"https:\/\/theslotrize.org\/pl\/aplikacja\/\",\"url\":\"https:\/\/theslotrize.org\/pl\/aplikacja\/\",\"name\":\"Slotrize Aplikacja dla system\u00f3w operacyjnych urz\u0105dze\u0144 mobilnych | Pobierz \u2013 iOS, Android\",\"isPartOf\":{\"@id\":\"https:\/\/theslotrize.org\/pl\/#website\"},\"datePublished\":\"2026-01-22T11:17:22+00:00\",\"dateModified\":\"2026-01-22T14:26:43+00:00\",\"description\":\"Zainstaluj aplikacj\u0119 Slotrize Slots na iOS, Androidzie, Windowsie i macOS, \u017ceby gra\u0107 w ponad 6000 gier kasynowych gdziekolwiek jeste\u015b. P\u0142ynne dzia\u0142anie, synchronizacja konta i wsparcie 24\/7 \u2013 wszystko w Slotrize.\",\"breadcrumb\":{\"@id\":\"https:\/\/theslotrize.org\/pl\/aplikacja\/#breadcrumb\"},\"inLanguage\":\"pl-PL\",\"potentialAction\":[{\"@type\":\"ReadAction\",\"target\":[\"https:\/\/theslotrize.org\/pl\/aplikacja\/\"]}]},{\"@type\":\"BreadcrumbList\",\"@id\":\"https:\/\/theslotrize.org\/pl\/aplikacja\/#breadcrumb\",\"itemListElement\":[{\"@type\":\"ListItem\",\"position\":1,\"name\":\"Slotrize\",\"item\":\"https:\/\/theslotrize.org\/pl\/\"},{\"@type\":\"ListItem\",\"position\":2,\"name\":\"Aplikacja\"}]},{\"@type\":\"WebSite\",\"@id\":\"https:\/\/theslotrize.org\/pl\/#website\",\"url\":\"https:\/\/theslotrize.org\/pl\/\",\"name\":\"Slotrize\",\"description\":\"\",\"publisher\":{\"@id\":\"https:\/\/theslotrize.org\/pl\/#organization\"},\"potentialAction\":[{\"@type\":\"SearchAction\",\"target\":{\"@type\":\"EntryPoint\",\"urlTemplate\":\"https:\/\/theslotrize.org\/pl\/?s={search_term_string}\"},\"query-input\":{\"@type\":\"PropertyValueSpecification\",\"valueRequired\":true,\"valueName\":\"search_term_string\"}}],\"inLanguage\":\"pl-PL\"},{\"@type\":\"Organization\",\"@id\":\"https:\/\/theslotrize.org\/pl\/#organization\",\"name\":\"Slotrize\",\"url\":\"https:\/\/theslotrize.org\/pl\/\",\"logo\":{\"@type\":\"ImageObject\",\"inLanguage\":\"pl-PL\",\"@id\":\"https:\/\/theslotrize.org\/pl\/#\/schema\/logo\/image\/\",\"url\":\"https:\/\/theslotrize.org\/wp-content\/uploads\/2026\/01\/Slotrize-logo.png\",\"contentUrl\":\"https:\/\/theslotrize.org\/wp-content\/uploads\/2026\/01\/Slotrize-logo.png\",\"width\":54,\"height\":27,\"caption\":\"Slotrize\"},\"image\":{\"@id\":\"https:\/\/theslotrize.org\/pl\/#\/schema\/logo\/image\/\"}}]}<\/script>\n<!-- \/ Yoast SEO plugin. -->","yoast_head_json":{"title":"Slotrize Aplikacja dla system\u00f3w operacyjnych urz\u0105dze\u0144 mobilnych | Pobierz \u2013 iOS, Android","description":"Zainstaluj aplikacj\u0119 Slotrize Slots na iOS, Androidzie, Windowsie i macOS, \u017ceby gra\u0107 w ponad 6000 gier kasynowych gdziekolwiek jeste\u015b. P\u0142ynne dzia\u0142anie, synchronizacja konta i wsparcie 24\/7 \u2013 wszystko w Slotrize.","robots":{"index":"index","follow":"follow","max-snippet":"max-snippet:-1","max-image-preview":"max-image-preview:large","max-video-preview":"max-video-preview:-1"},"canonical":"https:\/\/theslotrize.org\/pl\/aplikacja\/","og_locale":"pl_PL","og_type":"article","og_title":"Slotrize Aplikacja dla system\u00f3w operacyjnych urz\u0105dze\u0144 mobilnych | Pobierz \u2013 iOS, Android","og_description":"Zainstaluj aplikacj\u0119 Slotrize Slots na iOS, Androidzie, Windowsie i macOS, \u017ceby gra\u0107 w ponad 6000 gier kasynowych gdziekolwiek jeste\u015b. P\u0142ynne dzia\u0142anie, synchronizacja konta i wsparcie 24\/7 \u2013 wszystko w Slotrize.","og_url":"https:\/\/theslotrize.org\/pl\/aplikacja\/","og_site_name":"slotrize","article_modified_time":"2026-01-22T14:26:43+00:00","twitter_card":"summary_large_image","twitter_misc":{"Est. reading time":"1 minuta"},"schema":{"@context":"https:\/\/schema.org","@graph":[{"@type":"WebPage","@id":"https:\/\/theslotrize.org\/pl\/aplikacja\/","url":"https:\/\/theslotrize.org\/pl\/aplikacja\/","name":"Slotrize Aplikacja dla system\u00f3w operacyjnych urz\u0105dze\u0144 mobilnych | Pobierz \u2013 iOS, Android","isPartOf":{"@id":"https:\/\/theslotrize.org\/pl\/#website"},"datePublished":"2026-01-22T11:17:22+00:00","dateModified":"2026-01-22T14:26:43+00:00","description":"Zainstaluj aplikacj\u0119 Slotrize Slots na iOS, Androidzie, Windowsie i macOS, \u017ceby gra\u0107 w ponad 6000 gier kasynowych gdziekolwiek jeste\u015b. P\u0142ynne dzia\u0142anie, synchronizacja konta i wsparcie 24\/7 \u2013 wszystko w Slotrize.","breadcrumb":{"@id":"https:\/\/theslotrize.org\/pl\/aplikacja\/#breadcrumb"},"inLanguage":"pl-PL","potentialAction":[{"@type":"ReadAction","target":["https:\/\/theslotrize.org\/pl\/aplikacja\/"]}]},{"@type":"BreadcrumbList","@id":"https:\/\/theslotrize.org\/pl\/aplikacja\/#breadcrumb","itemListElement":[{"@type":"ListItem","position":1,"name":"Slotrize","item":"https:\/\/theslotrize.org\/pl\/"},{"@type":"ListItem","position":2,"name":"Aplikacja"}]},{"@type":"WebSite","@id":"https:\/\/theslotrize.org\/pl\/#website","url":"https:\/\/theslotrize.org\/pl\/","name":"Slotrize","description":"","publisher":{"@id":"https:\/\/theslotrize.org\/pl\/#organization"},"potentialAction":[{"@type":"SearchAction","target":{"@type":"EntryPoint","urlTemplate":"https:\/\/theslotrize.org\/pl\/?s={search_term_string}"},"query-input":{"@type":"PropertyValueSpecification","valueRequired":true,"valueName":"search_term_string"}}],"inLanguage":"pl-PL"},{"@type":"Organization","@id":"https:\/\/theslotrize.org\/pl\/#organization","name":"Slotrize","url":"https:\/\/theslotrize.org\/pl\/","logo":{"@type":"ImageObject","inLanguage":"pl-PL","@id":"https:\/\/theslotrize.org\/pl\/#\/schema\/logo\/image\/","url":"https:\/\/theslotrize.org\/wp-content\/uploads\/2026\/01\/Slotrize-logo.png","contentUrl":"https:\/\/theslotrize.org\/wp-content\/uploads\/2026\/01\/Slotrize-logo.png","width":54,"height":27,"caption":"Slotrize"},"image":{"@id":"https:\/\/theslotrize.org\/pl\/#\/schema\/logo\/image\/"}}]}},"_links":{"self":[{"href":"https:\/\/theslotrize.org\/pl\/wp-json\/wp\/v2\/pages\/1420"}],"collection":[{"href":"https:\/\/theslotrize.org\/pl\/wp-json\/wp\/v2\/pages"}],"about":[{"href":"https:\/\/theslotrize.org\/pl\/wp-json\/wp\/v2\/types\/page"}],"author":[{"embeddable":true,"href":"https:\/\/theslotrize.org\/pl\/wp-json\/wp\/v2\/users\/9"}],"replies":[{"embeddable":true,"href":"https:\/\/theslotrize.org\/pl\/wp-json\/wp\/v2\/comments?post=1420"}],"version-history":[{"count":2,"href":"https:\/\/theslotrize.org\/pl\/wp-json\/wp\/v2\/pages\/1420\/revisions"}],"predecessor-version":[{"id":1761,"href":"https:\/\/theslotrize.org\/pl\/wp-json\/wp\/v2\/pages\/1420\/revisions\/1761"}],"wp:attachment":[{"href":"https:\/\/theslotrize.org\/pl\/wp-json\/wp\/v2\/media?parent=1420"}],"curies":[{"name":"wp","href":"https:\/\/api.w.org\/{rel}","templated":true}]}}